{"id":1112,"date":"2023-07-20T11:53:19","date_gmt":"2023-07-20T11:53:19","guid":{"rendered":"https:\/\/retail3d.fr\/?page_id=1112"},"modified":"2024-04-23T14:29:10","modified_gmt":"2024-04-23T14:29:10","slug":"legal-notices","status":"publish","type":"page","link":"https:\/\/retail3d.fr\/en\/mentions-legales\/","title":{"rendered":"Legal notices"},"content":{"rendered":"<div data-elementor-type=\"wp-page\" data-elementor-id=\"1112\" class=\"elementor elementor-1112\" data-elementor-post-type=\"page\">\n\t\t\t\t<div class=\"elementor-element elementor-element-722e5a1 e-flex e-con-boxed e-con e-parent\" data-id=\"722e5a1\" data-element_type=\"container\" data-e-type=\"container\">\n\t\t\t\t\t<div class=\"e-con-inner\">\n\t\t\t\t<div class=\"elementor-element elementor-element-5507a1b elementor-widget elementor-widget-heading\" data-id=\"5507a1b\" data-element_type=\"widget\" data-e-type=\"widget\" data-widget_type=\"heading.default\">\n\t\t\t\t<div class=\"elementor-widget-container\">\n\t\t\t\t\t<h2 class=\"elementor-heading-title elementor-size-default\">Legal notices of the website retail3d.fr<\/h2>\t\t\t\t<\/div>\n\t\t\t\t<\/div>\n\t\t\t\t\t<\/div>\n\t\t\t\t<\/div>\n\t\t<div class=\"elementor-element elementor-element-ed10d1e e-flex e-con-boxed e-con e-parent\" data-id=\"ed10d1e\" data-element_type=\"container\" data-e-type=\"container\">\n\t\t\t\t\t<div class=\"e-con-inner\">\n\t\t\t\t<div class=\"elementor-element elementor-element-136e506 elementor-widget elementor-widget-text-editor\" data-id=\"136e506\" data-element_type=\"widget\" data-e-type=\"widget\" data-widget_type=\"text-editor.default\">\n\t\t\t\t<div class=\"elementor-widget-container\">\n\t\t\t\t\t\t\t\t\t<p><span style=\"font-weight: 400;\">In accordance with the provisions of Law No. 2004-575 of June 21, 2004 for confidence in the digital economy, users of the retail3D site are informed of the identity of the various parties involved in its creation and monitoring.<\/span><\/p>\t\t\t\t\t\t\t\t<\/div>\n\t\t\t\t<\/div>\n\t\t\t\t\t<\/div>\n\t\t\t\t<\/div>\n\t\t<div class=\"elementor-element elementor-element-6f48783 e-flex e-con-boxed e-con e-parent\" data-id=\"6f48783\" data-element_type=\"container\" data-e-type=\"container\">\n\t\t\t\t\t<div class=\"e-con-inner\">\n\t\t<div class=\"elementor-element elementor-element-efcd200 e-con-full e-flex e-con e-child\" data-id=\"efcd200\" data-element_type=\"container\" data-e-type=\"container\">\n\t\t\t\t<div class=\"elementor-element elementor-element-cca96d2 elementor-widget elementor-widget-heading\" data-id=\"cca96d2\" data-element_type=\"widget\" data-e-type=\"widget\" data-widget_type=\"heading.default\">\n\t\t\t\t<div class=\"elementor-widget-container\">\n\t\t\t\t\t<h3 class=\"elementor-heading-title elementor-size-default\">Website editing<\/h3>\t\t\t\t<\/div>\n\t\t\t\t<\/div>\n\t\t\t\t<div class=\"elementor-element elementor-element-68795f0 elementor-widget elementor-widget-text-editor\" data-id=\"68795f0\" data-element_type=\"widget\" data-e-type=\"widget\" data-widget_type=\"text-editor.default\">\n\t\t\t\t<div class=\"elementor-widget-container\">\n\t\t\t\t\t\t\t\t\t<p><span style=\"font-weight: 400;\">This website, accessible at the URL https:\/\/retail3d.fr (the \u201cWebsite\u201d), is published by:<\/span><\/p><p><span style=\"font-weight: 400;\">RETAIL ID ASSOCIATES, company with capital of 50,250 euros, registered with the NANTERRE RCS under number Nanterre B 520 915 349, whose head office is located at 55 B RUE EDOUARD VAILLANT 92300 LEVALLOIS-PERRET, represented by Nathalie ROSENBLUM duly authorized.<\/span><\/p><p><span style=\"font-weight: 400;\">The publisher's individual VAT number is: FR11520915349.<\/span><\/p>\t\t\t\t\t\t\t\t<\/div>\n\t\t\t\t<\/div>\n\t\t\t\t<\/div>\n\t\t<div class=\"elementor-element elementor-element-2be2335 e-con-full e-flex e-con e-child\" data-id=\"2be2335\" data-element_type=\"container\" data-e-type=\"container\">\n\t\t\t\t<div class=\"elementor-element elementor-element-5bbd635 elementor-widget elementor-widget-heading\" data-id=\"5bbd635\" data-element_type=\"widget\" data-e-type=\"widget\" data-widget_type=\"heading.default\">\n\t\t\t\t<div class=\"elementor-widget-container\">\n\t\t\t\t\t<h3 class=\"elementor-heading-title elementor-size-default\">Web hosting<\/h3>\t\t\t\t<\/div>\n\t\t\t\t<\/div>\n\t\t\t\t<div class=\"elementor-element elementor-element-889e089 elementor-widget elementor-widget-text-editor\" data-id=\"889e089\" data-element_type=\"widget\" data-e-type=\"widget\" data-widget_type=\"text-editor.default\">\n\t\t\t\t<div class=\"elementor-widget-container\">\n\t\t\t\t\t\t\t\t\t<p><span style=\"font-weight: 400;\">The Website is hosted by the company DIAM, located 40 rue Pierre Curie, 78130 Les Mureaux<\/span><\/p><p><span style=\"font-weight: 400;\">Telephone contact: +33 1 34 92 83 60.<\/span><\/p>\t\t\t\t\t\t\t\t<\/div>\n\t\t\t\t<\/div>\n\t\t\t\t<div class=\"elementor-element elementor-element-eb22168 elementor-widget elementor-widget-heading\" data-id=\"eb22168\" data-element_type=\"widget\" data-e-type=\"widget\" data-widget_type=\"heading.default\">\n\t\t\t\t<div class=\"elementor-widget-container\">\n\t\t\t\t\t<h3 class=\"elementor-heading-title elementor-size-default\">Contact us<\/h3>\t\t\t\t<\/div>\n\t\t\t\t<\/div>\n\t\t\t\t<div class=\"elementor-element elementor-element-cde5f7e elementor-widget elementor-widget-text-editor\" data-id=\"cde5f7e\" data-element_type=\"widget\" data-e-type=\"widget\" data-widget_type=\"text-editor.default\">\n\t\t\t\t<div class=\"elementor-widget-container\">\n\t\t\t\t\t\t\t\t\t<p><span style=\"font-weight: 400;\">By telephone: +33 1 40 89 27 30<\/span><\/p><p><span style=\"font-weight: 400;\">By email: contact@retail3d.fr<\/span><\/p><p><span style=\"font-weight: 400;\">By mail: 55 bis rue Edouard Vaillant 92300 Levallois-Perret, France<\/span><\/p>\t\t\t\t\t\t\t\t<\/div>\n\t\t\t\t<\/div>\n\t\t\t\t<\/div>\n\t\t<div class=\"elementor-element elementor-element-839f908 e-con-full e-flex e-con e-child\" data-id=\"839f908\" data-element_type=\"container\" data-e-type=\"container\">\n\t\t\t\t<div class=\"elementor-element elementor-element-ce3198e elementor-widget elementor-widget-heading\" data-id=\"ce3198e\" data-element_type=\"widget\" data-e-type=\"widget\" data-widget_type=\"heading.default\">\n\t\t\t\t<div class=\"elementor-widget-container\">\n\t\t\t\t\t<h3 class=\"elementor-heading-title elementor-size-default\">Publication director<\/h3>\t\t\t\t<\/div>\n\t\t\t\t<\/div>\n\t\t\t\t<div class=\"elementor-element elementor-element-4dffc5f elementor-widget elementor-widget-text-editor\" data-id=\"4dffc5f\" data-element_type=\"widget\" data-e-type=\"widget\" data-widget_type=\"text-editor.default\">\n\t\t\t\t<div class=\"elementor-widget-container\">\n\t\t\t\t\t\t\t\t\t<p class=\"translation-block\">The publication director of the Website is Nathalie ROSENBLUM.<\/p>\t\t\t\t\t\t\t\t<\/div>\n\t\t\t\t<\/div>\n\t\t\t\t<div class=\"elementor-element elementor-element-f8e66b5 elementor-widget elementor-widget-heading\" data-id=\"f8e66b5\" data-element_type=\"widget\" data-e-type=\"widget\" data-widget_type=\"heading.default\">\n\t\t\t\t<div class=\"elementor-widget-container\">\n\t\t\t\t\t<h3 class=\"elementor-heading-title elementor-size-default\">Personal data<\/h3>\t\t\t\t<\/div>\n\t\t\t\t<\/div>\n\t\t\t\t<div class=\"elementor-element elementor-element-1128d93 elementor-widget elementor-widget-text-editor\" data-id=\"1128d93\" data-element_type=\"widget\" data-e-type=\"widget\" data-widget_type=\"text-editor.default\">\n\t\t\t\t<div class=\"elementor-widget-container\">\n\t\t\t\t\t\t\t\t\t<p><span style=\"font-weight: 400;\">Le traitement de vos donn\u00e9es \u00e0 caract\u00e8re personnel est conforme au R\u00e8glement G\u00e9n\u00e9ral sur la Protection des Donn\u00e9es 2016\/679 du 27 avril 2016 (\u00abRGPD\u00bb).<\/span><\/p>\t\t\t\t\t\t\t\t<\/div>\n\t\t\t\t<\/div>\n\t\t\t\t<\/div>\n\t\t\t\t\t<\/div>\n\t\t\t\t<\/div>\n\t\t\t\t<\/div>","protected":false},"excerpt":{"rendered":"<p>Mentions l\u00e9gales du site web retail3d.fr Conform\u00e9ment aux dispositions de la loi n\u00b0 2004-575 du 21 juin 2004 pour la confiance en l&rsquo;\u00e9conomie num\u00e9rique, il est pr\u00e9cis\u00e9 aux utilisateurs du site retail3D l&rsquo;identit\u00e9 des diff\u00e9rents intervenants dans le cadre de sa r\u00e9alisation et de son suivi. \u00c9dition du site Le pr\u00e9sent site, accessible \u00e0 l\u2019URL [&hellip;]<\/p>\n","protected":false},"author":1,"featured_media":1912,"parent":0,"menu_order":0,"comment_status":"closed","ping_status":"closed","template":"","meta":{"_acf_changed":false,"footnotes":""},"class_list":["post-1112","page","type-page","status-publish","has-post-thumbnail","hentry"],"acf":[],"yoast_head":"<!-- This site is optimized with the Yoast SEO plugin v27.3 - https:\/\/yoast.com\/product\/yoast-seo-wordpress\/ -->\n<title>retail3D | Mentions l\u00e9gales<\/title>\n<meta name=\"description\" content=\"Retrouvez les mentions l\u00e9gales du site retail3d.fr\" \/>\n<meta name=\"robots\" content=\"index, follow, max-snippet:-1, max-image-preview:large, max-video-preview:-1\" \/>\n<link rel=\"canonical\" href=\"https:\/\/retail3d.fr\/en\/legal-notices\/\" \/>\n<meta property=\"og:locale\" content=\"en_US\" \/>\n<meta property=\"og:type\" content=\"article\" \/>\n<meta property=\"og:title\" content=\"retail3D | Mentions l\u00e9gales\" \/>\n<meta property=\"og:description\" content=\"Retrouvez les mentions l\u00e9gales du site retail3d.fr\" \/>\n<meta property=\"og:url\" content=\"https:\/\/retail3d.fr\/en\/legal-notices\/\" \/>\n<meta property=\"og:site_name\" content=\"retail3D\" \/>\n<meta property=\"article:modified_time\" content=\"2024-04-23T14:29:10+00:00\" \/>\n<meta property=\"og:image\" content=\"https:\/\/retail3d.fr\/wp-content\/uploads\/2023\/07\/favicon.png\" \/>\n\t<meta property=\"og:image:width\" content=\"512\" \/>\n\t<meta property=\"og:image:height\" content=\"512\" \/>\n\t<meta property=\"og:image:type\" content=\"image\/png\" \/>\n<meta name=\"twitter:card\" content=\"summary_large_image\" \/>\n<meta name=\"twitter:label1\" content=\"Est. reading time\" \/>\n\t<meta name=\"twitter:data1\" content=\"2 minutes\" \/>\n<script type=\"application\/ld+json\" class=\"yoast-schema-graph\">{\"@context\":\"https:\\\/\\\/schema.org\",\"@graph\":[{\"@type\":\"WebPage\",\"@id\":\"https:\\\/\\\/retail3d.fr\\\/mentions-legales\\\/\",\"url\":\"https:\\\/\\\/retail3d.fr\\\/mentions-legales\\\/\",\"name\":\"retail3D | Mentions l\u00e9gales\",\"isPartOf\":{\"@id\":\"https:\\\/\\\/retail3d.fr\\\/#website\"},\"primaryImageOfPage\":{\"@id\":\"https:\\\/\\\/retail3d.fr\\\/mentions-legales\\\/#primaryimage\"},\"image\":{\"@id\":\"https:\\\/\\\/retail3d.fr\\\/mentions-legales\\\/#primaryimage\"},\"thumbnailUrl\":\"https:\\\/\\\/retail3d.fr\\\/wp-content\\\/uploads\\\/2023\\\/07\\\/favicon.png\",\"datePublished\":\"2023-07-20T11:53:19+00:00\",\"dateModified\":\"2024-04-23T14:29:10+00:00\",\"description\":\"Retrouvez les mentions l\u00e9gales du site retail3d.fr\",\"breadcrumb\":{\"@id\":\"https:\\\/\\\/retail3d.fr\\\/mentions-legales\\\/#breadcrumb\"},\"inLanguage\":\"en-US\",\"potentialAction\":[{\"@type\":\"ReadAction\",\"target\":[\"https:\\\/\\\/retail3d.fr\\\/mentions-legales\\\/\"]}]},{\"@type\":\"ImageObject\",\"inLanguage\":\"en-US\",\"@id\":\"https:\\\/\\\/retail3d.fr\\\/mentions-legales\\\/#primaryimage\",\"url\":\"https:\\\/\\\/retail3d.fr\\\/wp-content\\\/uploads\\\/2023\\\/07\\\/favicon.png\",\"contentUrl\":\"https:\\\/\\\/retail3d.fr\\\/wp-content\\\/uploads\\\/2023\\\/07\\\/favicon.png\",\"width\":512,\"height\":512},{\"@type\":\"BreadcrumbList\",\"@id\":\"https:\\\/\\\/retail3d.fr\\\/mentions-legales\\\/#breadcrumb\",\"itemListElement\":[{\"@type\":\"ListItem\",\"position\":1,\"name\":\"Accueil\",\"item\":\"https:\\\/\\\/retail3d.fr\\\/\"},{\"@type\":\"ListItem\",\"position\":2,\"name\":\"Mentions l\u00e9gales\"}]},{\"@type\":\"WebSite\",\"@id\":\"https:\\\/\\\/retail3d.fr\\\/#website\",\"url\":\"https:\\\/\\\/retail3d.fr\\\/\",\"name\":\"retail3D\",\"description\":\"retail3D est une agence de design qui r\u00e9unit en un lieu les expertises strat\u00e9giques, cr\u00e9atives, techniques et p\u00e9dagogiques au service des marques.\",\"publisher\":{\"@id\":\"https:\\\/\\\/retail3d.fr\\\/#organization\"},\"potentialAction\":[{\"@type\":\"SearchAction\",\"target\":{\"@type\":\"EntryPoint\",\"urlTemplate\":\"https:\\\/\\\/retail3d.fr\\\/?s={search_term_string}\"},\"query-input\":{\"@type\":\"PropertyValueSpecification\",\"valueRequired\":true,\"valueName\":\"search_term_string\"}}],\"inLanguage\":\"en-US\"},{\"@type\":\"Organization\",\"@id\":\"https:\\\/\\\/retail3d.fr\\\/#organization\",\"name\":\"retail3D\",\"url\":\"https:\\\/\\\/retail3d.fr\\\/\",\"logo\":{\"@type\":\"ImageObject\",\"inLanguage\":\"en-US\",\"@id\":\"https:\\\/\\\/retail3d.fr\\\/#\\\/schema\\\/logo\\\/image\\\/\",\"url\":\"https:\\\/\\\/retail3d.fr\\\/wp-content\\\/uploads\\\/2023\\\/07\\\/favicon.png\",\"contentUrl\":\"https:\\\/\\\/retail3d.fr\\\/wp-content\\\/uploads\\\/2023\\\/07\\\/favicon.png\",\"width\":512,\"height\":512,\"caption\":\"retail3D\"},\"image\":{\"@id\":\"https:\\\/\\\/retail3d.fr\\\/#\\\/schema\\\/logo\\\/image\\\/\"},\"sameAs\":[\"https:\\\/\\\/www.instagram.com\\\/retail3d\\\/\",\"https:\\\/\\\/www.linkedin.com\\\/company\\\/retail-3d\\\/\"]}]}<\/script>\n<!-- \/ Yoast SEO plugin. -->","yoast_head_json":{"title":"retail3D | Mentions l\u00e9gales","description":"Retrouvez les mentions l\u00e9gales du site retail3d.fr","robots":{"index":"index","follow":"follow","max-snippet":"max-snippet:-1","max-image-preview":"max-image-preview:large","max-video-preview":"max-video-preview:-1"},"canonical":"https:\/\/retail3d.fr\/en\/legal-notices\/","og_locale":"en_US","og_type":"article","og_title":"retail3D | Mentions l\u00e9gales","og_description":"Retrouvez les mentions l\u00e9gales du site retail3d.fr","og_url":"https:\/\/retail3d.fr\/en\/legal-notices\/","og_site_name":"retail3D","article_modified_time":"2024-04-23T14:29:10+00:00","og_image":[{"width":512,"height":512,"url":"https:\/\/retail3d.fr\/wp-content\/uploads\/2023\/07\/favicon.png","type":"image\/png"}],"twitter_card":"summary_large_image","twitter_misc":{"Est. reading time":"2 minutes"},"schema":{"@context":"https:\/\/schema.org","@graph":[{"@type":"WebPage","@id":"https:\/\/retail3d.fr\/mentions-legales\/","url":"https:\/\/retail3d.fr\/mentions-legales\/","name":"retail3D | Mentions l\u00e9gales","isPartOf":{"@id":"https:\/\/retail3d.fr\/#website"},"primaryImageOfPage":{"@id":"https:\/\/retail3d.fr\/mentions-legales\/#primaryimage"},"image":{"@id":"https:\/\/retail3d.fr\/mentions-legales\/#primaryimage"},"thumbnailUrl":"https:\/\/retail3d.fr\/wp-content\/uploads\/2023\/07\/favicon.png","datePublished":"2023-07-20T11:53:19+00:00","dateModified":"2024-04-23T14:29:10+00:00","description":"Retrouvez les mentions l\u00e9gales du site retail3d.fr","breadcrumb":{"@id":"https:\/\/retail3d.fr\/mentions-legales\/#breadcrumb"},"inLanguage":"en-US","potentialAction":[{"@type":"ReadAction","target":["https:\/\/retail3d.fr\/mentions-legales\/"]}]},{"@type":"ImageObject","inLanguage":"en-US","@id":"https:\/\/retail3d.fr\/mentions-legales\/#primaryimage","url":"https:\/\/retail3d.fr\/wp-content\/uploads\/2023\/07\/favicon.png","contentUrl":"https:\/\/retail3d.fr\/wp-content\/uploads\/2023\/07\/favicon.png","width":512,"height":512},{"@type":"BreadcrumbList","@id":"https:\/\/retail3d.fr\/mentions-legales\/#breadcrumb","itemListElement":[{"@type":"ListItem","position":1,"name":"Accueil","item":"https:\/\/retail3d.fr\/"},{"@type":"ListItem","position":2,"name":"Mentions l\u00e9gales"}]},{"@type":"WebSite","@id":"https:\/\/retail3d.fr\/#website","url":"https:\/\/retail3d.fr\/","name":"retail3D","description":"retail3D is your one-stop shop for strategic, creative, technical and educational expertise at the service of brands and networks.","publisher":{"@id":"https:\/\/retail3d.fr\/#organization"},"potentialAction":[{"@type":"SearchAction","target":{"@type":"EntryPoint","urlTemplate":"https:\/\/retail3d.fr\/?s={search_term_string}"},"query-input":{"@type":"PropertyValueSpecification","valueRequired":true,"valueName":"search_term_string"}}],"inLanguage":"en-US"},{"@type":"Organization","@id":"https:\/\/retail3d.fr\/#organization","name":"retail3D","url":"https:\/\/retail3d.fr\/","logo":{"@type":"ImageObject","inLanguage":"en-US","@id":"https:\/\/retail3d.fr\/#\/schema\/logo\/image\/","url":"https:\/\/retail3d.fr\/wp-content\/uploads\/2023\/07\/favicon.png","contentUrl":"https:\/\/retail3d.fr\/wp-content\/uploads\/2023\/07\/favicon.png","width":512,"height":512,"caption":"retail3D"},"image":{"@id":"https:\/\/retail3d.fr\/#\/schema\/logo\/image\/"},"sameAs":["https:\/\/www.instagram.com\/retail3d\/","https:\/\/www.linkedin.com\/company\/retail-3d\/"]}]}},"_links":{"self":[{"href":"https:\/\/retail3d.fr\/en\/wp-json\/wp\/v2\/pages\/1112","targetHints":{"allow":["GET"]}}],"collection":[{"href":"https:\/\/retail3d.fr\/en\/wp-json\/wp\/v2\/pages"}],"about":[{"href":"https:\/\/retail3d.fr\/en\/wp-json\/wp\/v2\/types\/page"}],"author":[{"embeddable":true,"href":"https:\/\/retail3d.fr\/en\/wp-json\/wp\/v2\/users\/1"}],"replies":[{"embeddable":true,"href":"https:\/\/retail3d.fr\/en\/wp-json\/wp\/v2\/comments?post=1112"}],"version-history":[{"count":5,"href":"https:\/\/retail3d.fr\/en\/wp-json\/wp\/v2\/pages\/1112\/revisions"}],"predecessor-version":[{"id":3316,"href":"https:\/\/retail3d.fr\/en\/wp-json\/wp\/v2\/pages\/1112\/revisions\/3316"}],"wp:featuredmedia":[{"embeddable":true,"href":"https:\/\/retail3d.fr\/en\/wp-json\/wp\/v2\/media\/1912"}],"wp:attachment":[{"href":"https:\/\/retail3d.fr\/en\/wp-json\/wp\/v2\/media?parent=1112"}],"curies":[{"name":"wp","href":"https:\/\/api.w.org\/{rel}","templated":true}]}}