{"id":52,"date":"2023-07-07T14:30:15","date_gmt":"2023-07-07T14:30:15","guid":{"rendered":"https:\/\/retail3d.fr\/?page_id=52"},"modified":"2024-09-13T15:03:31","modified_gmt":"2024-09-13T15:03:31","slug":"professional-sectors","status":"publish","type":"page","link":"https:\/\/retail3d.fr\/en\/les-metiers\/","title":{"rendered":"Professional Sectors"},"content":{"rendered":"<div data-elementor-type=\"wp-page\" data-elementor-id=\"52\" class=\"elementor elementor-52\" data-elementor-post-type=\"page\">\n\t\t\t\t<div class=\"elementor-element elementor-element-1575719 e-flex e-con-boxed e-con e-parent\" data-id=\"1575719\" data-element_type=\"container\" data-e-type=\"container\">\n\t\t\t\t\t<div class=\"e-con-inner\">\n\t\t\t\t<div class=\"elementor-element elementor-element-902215c elementor-widget elementor-widget-heading\" data-id=\"902215c\" data-element_type=\"widget\" data-e-type=\"widget\" data-widget_type=\"heading.default\">\n\t\t\t\t<div class=\"elementor-widget-container\">\n\t\t\t\t\t<h2 class=\"elementor-heading-title elementor-size-default\">Our approach<br \/>to design management<\/h2>\t\t\t\t<\/div>\n\t\t\t\t<\/div>\n\t\t\t\t\t<\/div>\n\t\t\t\t<\/div>\n\t\t<div class=\"elementor-element elementor-element-8852650 e-flex e-con-boxed e-con e-parent\" data-id=\"8852650\" data-element_type=\"container\" data-e-type=\"container\">\n\t\t\t\t\t<div class=\"e-con-inner\">\n\t\t\t\t<div class=\"elementor-element elementor-element-2869915 elementor-widget__width-initial elementor-invisible elementor-widget elementor-widget-image\" data-id=\"2869915\" data-element_type=\"widget\" data-e-type=\"widget\" data-settings=\"{&quot;_animation&quot;:&quot;fadeIn&quot;}\" data-widget_type=\"image.default\">\n\t\t\t\t<div class=\"elementor-widget-container\">\n\t\t\t\t\t\t\t\t\t\t\t\t\t\t\t<img fetchpriority=\"high\" decoding=\"async\" width=\"700\" height=\"420\" src=\"https:\/\/retail3d.fr\/wp-content\/uploads\/2023\/07\/PAGE-3_KV.jpg\" class=\"attachment-full size-full wp-image-956\" alt=\"\" srcset=\"https:\/\/retail3d.fr\/wp-content\/uploads\/2023\/07\/PAGE-3_KV.jpg 700w, https:\/\/retail3d.fr\/wp-content\/uploads\/2023\/07\/PAGE-3_KV-300x180.jpg 300w\" sizes=\"(max-width: 700px) 100vw, 700px\" \/>\t\t\t\t\t\t\t\t\t\t\t\t\t\t\t<\/div>\n\t\t\t\t<\/div>\n\t\t<div class=\"elementor-element elementor-element-0d031ce e-flex e-con-boxed e-con e-child\" data-id=\"0d031ce\" data-element_type=\"container\" data-e-type=\"container\">\n\t\t\t\t\t<div class=\"e-con-inner\">\n\t\t\t\t<div class=\"elementor-element elementor-element-1b99a77 elementor-widget__width-auto elementor-widget elementor-widget-text-editor\" data-id=\"1b99a77\" data-element_type=\"widget\" data-e-type=\"widget\" data-widget_type=\"text-editor.default\">\n\t\t\t\t<div class=\"elementor-widget-container\">\n\t\t\t\t\t\t\t\t\t360\u00b0 retail support, global or \u00e0 la carte, adapted to your corporate culture and which places the brand at the centre:\t\t\t\t\t\t\t\t<\/div>\n\t\t\t\t<\/div>\n\t\t\t\t<div class=\"elementor-element elementor-element-306d62e elementor-icon-list--layout-traditional elementor-list-item-link-full_width elementor-widget elementor-widget-icon-list\" data-id=\"306d62e\" data-element_type=\"widget\" data-e-type=\"widget\" data-widget_type=\"icon-list.default\">\n\t\t\t\t<div class=\"elementor-widget-container\">\n\t\t\t\t\t\t\t<ul class=\"elementor-icon-list-items\">\n\t\t\t\t\t\t\t<li class=\"elementor-icon-list-item\">\n\t\t\t\t\t\t\t\t\t\t\t<span class=\"elementor-icon-list-icon\">\n\t\t\t\t\t\t\t<svg xmlns=\"http:\/\/www.w3.org\/2000\/svg\" xmlns:xlink=\"http:\/\/www.w3.org\/1999\/xlink\" id=\"Calque_1\" x=\"0px\" y=\"0px\" viewbox=\"0 0 14 14\" style=\"enable-background:new 0 0 14 14;\" xml:space=\"preserve\"><style type=\"text\/css\">\t.st0{fill:none;stroke:#1D1D1B;}<\/style><line id=\"Ligne_368\" class=\"st0\" x1=\"7\" y1=\"0\" x2=\"7\" y2=\"14\"><\/line><line id=\"Ligne_369\" class=\"st0\" x1=\"0\" y1=\"7\" x2=\"14\" y2=\"7\"><\/line><\/svg>\t\t\t\t\t\t<\/span>\n\t\t\t\t\t\t\t\t\t\t<span class=\"elementor-icon-list-text\">Co-development forms the core of our activities and which brings together teams and clients at each stage of the design process.<\/span>\n\t\t\t\t\t\t\t\t\t<\/li>\n\t\t\t\t\t\t\t\t<li class=\"elementor-icon-list-item\">\n\t\t\t\t\t\t\t\t\t\t\t<span class=\"elementor-icon-list-icon\">\n\t\t\t\t\t\t\t<svg xmlns=\"http:\/\/www.w3.org\/2000\/svg\" xmlns:xlink=\"http:\/\/www.w3.org\/1999\/xlink\" id=\"Calque_1\" x=\"0px\" y=\"0px\" viewbox=\"0 0 14 14\" style=\"enable-background:new 0 0 14 14;\" xml:space=\"preserve\"><style type=\"text\/css\">\t.st0{fill:none;stroke:#1D1D1B;}<\/style><line id=\"Ligne_368\" class=\"st0\" x1=\"7\" y1=\"0\" x2=\"7\" y2=\"14\"><\/line><line id=\"Ligne_369\" class=\"st0\" x1=\"0\" y1=\"7\" x2=\"14\" y2=\"7\"><\/line><\/svg>\t\t\t\t\t\t<\/span>\n\t\t\t\t\t\t\t\t\t\t<span class=\"elementor-icon-list-text\">A tailor-made structure of every project which takes into account the important elements of timing, budgets and operational demands.<\/span>\n\t\t\t\t\t\t\t\t\t<\/li>\n\t\t\t\t\t\t<\/ul>\n\t\t\t\t\t\t<\/div>\n\t\t\t\t<\/div>\n\t\t\t\t\t<\/div>\n\t\t\t\t<\/div>\n\t\t\t\t\t<\/div>\n\t\t\t\t<\/div>\n\t\t<div class=\"elementor-element elementor-element-f41c1d6 e-flex e-con-boxed e-con e-parent\" data-id=\"f41c1d6\" data-element_type=\"container\" data-e-type=\"container\" data-settings=\"{&quot;background_background&quot;:&quot;classic&quot;}\">\n\t\t\t\t\t<div class=\"e-con-inner\">\n\t\t<div class=\"elementor-element elementor-element-26f609f e-flex e-con-boxed e-con e-child\" data-id=\"26f609f\" data-element_type=\"container\" data-e-type=\"container\" data-settings=\"{&quot;background_background&quot;:&quot;classic&quot;}\">\n\t\t\t\t\t<div class=\"e-con-inner\">\n\t\t\t\t<div class=\"elementor-element elementor-element-46b7b2e elementor-absolute elementor-widget elementor-widget-text-editor\" data-id=\"46b7b2e\" data-element_type=\"widget\" data-e-type=\"widget\" data-settings=\"{&quot;_position&quot;:&quot;absolute&quot;}\" data-widget_type=\"text-editor.default\">\n\t\t\t\t<div class=\"elementor-widget-container\">\n\t\t\t\t\t\t\t\t\t<p>Your challenge<\/p>\t\t\t\t\t\t\t\t<\/div>\n\t\t\t\t<\/div>\n\t\t\t\t<div class=\"elementor-element elementor-element-2ea81f7 elementor-absolute elementor-widget elementor-widget-text-editor\" data-id=\"2ea81f7\" data-element_type=\"widget\" data-e-type=\"widget\" data-settings=\"{&quot;_position&quot;:&quot;absolute&quot;}\" data-widget_type=\"text-editor.default\">\n\t\t\t\t<div class=\"elementor-widget-container\">\n\t\t\t\t\t\t\t\t\tDesign the<br \/>\ncollaboration.\t\t\t\t\t\t\t\t<\/div>\n\t\t\t\t<\/div>\n\t\t\t\t<div class=\"elementor-element elementor-element-8195231 elementor-absolute e-transform elementor-widget elementor-widget-image\" data-id=\"8195231\" data-element_type=\"widget\" data-e-type=\"widget\" data-settings=\"{&quot;_position&quot;:&quot;absolute&quot;,&quot;_transform_rotateZ_effect_mobile&quot;:{&quot;unit&quot;:&quot;deg&quot;,&quot;size&quot;:48,&quot;sizes&quot;:[]},&quot;_transform_rotateZ_effect&quot;:{&quot;unit&quot;:&quot;px&quot;,&quot;size&quot;:&quot;&quot;,&quot;sizes&quot;:[]},&quot;_transform_rotateZ_effect_tablet&quot;:{&quot;unit&quot;:&quot;deg&quot;,&quot;size&quot;:&quot;&quot;,&quot;sizes&quot;:[]}}\" data-widget_type=\"image.default\">\n\t\t\t\t<div class=\"elementor-widget-container\">\n\t\t\t\t\t\t\t\t\t\t\t\t\t\t\t<img decoding=\"async\" width=\"110\" height=\"80\" src=\"https:\/\/retail3d.fr\/wp-content\/uploads\/2023\/07\/fleche.png\" class=\"attachment-large size-large wp-image-958\" alt=\"\" \/>\t\t\t\t\t\t\t\t\t\t\t\t\t\t\t<\/div>\n\t\t\t\t<\/div>\n\t\t\t\t<div class=\"elementor-element elementor-element-641279c elementor-absolute elementor-widget elementor-widget-text-editor\" data-id=\"641279c\" data-element_type=\"widget\" data-e-type=\"widget\" data-settings=\"{&quot;_position&quot;:&quot;absolute&quot;}\" data-widget_type=\"text-editor.default\">\n\t\t\t\t<div class=\"elementor-widget-container\">\n\t\t\t\t\t\t\t\t\t<p><a href=\"https:\/\/retail3d.fr\/en\/professional-sectors\/define\/\">DEFINE<\/a><\/p>\t\t\t\t\t\t\t\t<\/div>\n\t\t\t\t<\/div>\n\t\t\t\t<div class=\"elementor-element elementor-element-e09217f elementor-absolute elementor-widget elementor-widget-text-editor\" data-id=\"e09217f\" data-element_type=\"widget\" data-e-type=\"widget\" data-settings=\"{&quot;_position&quot;:&quot;absolute&quot;}\" data-widget_type=\"text-editor.default\">\n\t\t\t\t<div class=\"elementor-widget-container\">\n\t\t\t\t\t\t\t\t\t<p><a href=\"https:\/\/retail3d.fr\/en\/professional-sectors\/define\/\">Strategy<\/a><\/p>\t\t\t\t\t\t\t\t<\/div>\n\t\t\t\t<\/div>\n\t\t\t\t<div class=\"elementor-element elementor-element-e00d2bd elementor-absolute elementor-widget elementor-widget-text-editor\" data-id=\"e00d2bd\" data-element_type=\"widget\" data-e-type=\"widget\" data-settings=\"{&quot;_position&quot;:&quot;absolute&quot;}\" data-widget_type=\"text-editor.default\">\n\t\t\t\t<div class=\"elementor-widget-container\">\n\t\t\t\t\t\t\t\t\t<a href=\"https:\/\/retail3d.fr\/en\/professional-sectors\/define\/\">Imagine tomorrow's retail experience and<br \/>align stakeholders around<br \/>a shared vision.<\/a>\t\t\t\t\t\t\t\t<\/div>\n\t\t\t\t<\/div>\n\t\t\t\t<div class=\"elementor-element elementor-element-b851a4f elementor-absolute elementor-invisible elementor-widget elementor-widget-text-editor\" data-id=\"b851a4f\" data-element_type=\"widget\" data-e-type=\"widget\" data-settings=\"{&quot;_position&quot;:&quot;absolute&quot;,&quot;_animation&quot;:&quot;fadeIn&quot;}\" data-widget_type=\"text-editor.default\">\n\t\t\t\t<div class=\"elementor-widget-container\">\n\t\t\t\t\t\t\t\t\t<p>Vision<\/p>\t\t\t\t\t\t\t\t<\/div>\n\t\t\t\t<\/div>\n\t\t\t\t<div class=\"elementor-element elementor-element-d93cd68 elementor-absolute elementor-widget elementor-widget-text-editor\" data-id=\"d93cd68\" data-element_type=\"widget\" data-e-type=\"widget\" data-settings=\"{&quot;_position&quot;:&quot;absolute&quot;}\" data-widget_type=\"text-editor.default\">\n\t\t\t\t<div class=\"elementor-widget-container\">\n\t\t\t\t\t\t\t\t\t<p><a href=\"https:\/\/retail3d.fr\/en\/professional-sectors\/design\/\">DESIGN<\/a><\/p>\t\t\t\t\t\t\t\t<\/div>\n\t\t\t\t<\/div>\n\t\t\t\t<div class=\"elementor-element elementor-element-3c06ed9 elementor-absolute elementor-widget elementor-widget-text-editor\" data-id=\"3c06ed9\" data-element_type=\"widget\" data-e-type=\"widget\" data-settings=\"{&quot;_position&quot;:&quot;absolute&quot;}\" data-widget_type=\"text-editor.default\">\n\t\t\t\t<div class=\"elementor-widget-container\">\n\t\t\t\t\t\t\t\t\t<p><a href=\"https:\/\/retail3d.fr\/en\/professional-sectors\/design\/\">Creation<\/a><\/p>\t\t\t\t\t\t\t\t<\/div>\n\t\t\t\t<\/div>\n\t\t\t\t<div class=\"elementor-element elementor-element-7163eac elementor-absolute elementor-widget elementor-widget-text-editor\" data-id=\"7163eac\" data-element_type=\"widget\" data-e-type=\"widget\" data-settings=\"{&quot;_position&quot;:&quot;absolute&quot;}\" data-widget_type=\"text-editor.default\">\n\t\t\t\t<div class=\"elementor-widget-container\">\n\t\t\t\t\t\t\t\t\t<a href=\"https:\/\/retail3d.fr\/en\/professional-sectors\/design\/\">Translate the vision into a unique concept which<br \/>\nis both sustainable and feasible.<\/a>\t\t\t\t\t\t\t\t<\/div>\n\t\t\t\t<\/div>\n\t\t\t\t<div class=\"elementor-element elementor-element-5407f6d elementor-absolute elementor-invisible elementor-widget elementor-widget-text-editor\" data-id=\"5407f6d\" data-element_type=\"widget\" data-e-type=\"widget\" data-settings=\"{&quot;_position&quot;:&quot;absolute&quot;,&quot;_animation&quot;:&quot;fadeIn&quot;}\" data-widget_type=\"text-editor.default\">\n\t\t\t\t<div class=\"elementor-widget-container\">\n\t\t\t\t\t\t\t\t\t<p>Design<\/p>\t\t\t\t\t\t\t\t<\/div>\n\t\t\t\t<\/div>\n\t\t\t\t<div class=\"elementor-element elementor-element-07b5b8d elementor-absolute elementor-widget elementor-widget-text-editor\" data-id=\"07b5b8d\" data-element_type=\"widget\" data-e-type=\"widget\" data-settings=\"{&quot;_position&quot;:&quot;absolute&quot;}\" data-widget_type=\"text-editor.default\">\n\t\t\t\t<div class=\"elementor-widget-container\">\n\t\t\t\t\t\t\t\t\t<p><a href=\"https:\/\/retail3d.fr\/en\/professional-sectors\/deliver\/\">DELIVER<\/a><\/p>\t\t\t\t\t\t\t\t<\/div>\n\t\t\t\t<\/div>\n\t\t\t\t<div class=\"elementor-element elementor-element-245558a elementor-absolute elementor-widget elementor-widget-text-editor\" data-id=\"245558a\" data-element_type=\"widget\" data-e-type=\"widget\" data-settings=\"{&quot;_position&quot;:&quot;absolute&quot;}\" data-widget_type=\"text-editor.default\">\n\t\t\t\t<div class=\"elementor-widget-container\">\n\t\t\t\t\t\t\t\t\t<p><a href=\"https:\/\/retail3d.fr\/en\/professional-sectors\/deliver\/\">Realisation<\/a><\/p>\t\t\t\t\t\t\t\t<\/div>\n\t\t\t\t<\/div>\n\t\t\t\t<div class=\"elementor-element elementor-element-8d93035 elementor-absolute elementor-widget elementor-widget-text-editor\" data-id=\"8d93035\" data-element_type=\"widget\" data-e-type=\"widget\" data-settings=\"{&quot;_position&quot;:&quot;absolute&quot;}\" data-widget_type=\"text-editor.default\">\n\t\t\t\t<div class=\"elementor-widget-container\">\n\t\t\t\t\t\t\t\t\t<a href=\"https:\/\/retail3d.fr\/en\/professional-sectors\/deliver\/\">Implement the project, manage<br \/>\nthe works on site and standardise<br \/>\nto facilitate the roll-out.<\/a>\t\t\t\t\t\t\t\t<\/div>\n\t\t\t\t<\/div>\n\t\t\t\t<div class=\"elementor-element elementor-element-93ac72d elementor-absolute e-transform elementor-widget elementor-widget-image\" data-id=\"93ac72d\" data-element_type=\"widget\" data-e-type=\"widget\" data-settings=\"{&quot;_position&quot;:&quot;absolute&quot;,&quot;_transform_rotateZ_effect&quot;:{&quot;unit&quot;:&quot;px&quot;,&quot;size&quot;:97,&quot;sizes&quot;:[]},&quot;_transform_rotateZ_effect_mobile&quot;:{&quot;unit&quot;:&quot;deg&quot;,&quot;size&quot;:48,&quot;sizes&quot;:[]},&quot;_transform_rotateZ_effect_tablet&quot;:{&quot;unit&quot;:&quot;deg&quot;,&quot;size&quot;:&quot;&quot;,&quot;sizes&quot;:[]}}\" data-widget_type=\"image.default\">\n\t\t\t\t<div class=\"elementor-widget-container\">\n\t\t\t\t\t\t\t\t\t\t\t\t\t\t\t<img decoding=\"async\" width=\"110\" height=\"80\" src=\"https:\/\/retail3d.fr\/wp-content\/uploads\/2023\/07\/fleche.png\" class=\"attachment-large size-large wp-image-958\" alt=\"\" \/>\t\t\t\t\t\t\t\t\t\t\t\t\t\t\t<\/div>\n\t\t\t\t<\/div>\n\t\t\t\t<div class=\"elementor-element elementor-element-fd1c8c5 elementor-absolute elementor-widget elementor-widget-text-editor\" data-id=\"fd1c8c5\" data-element_type=\"widget\" data-e-type=\"widget\" data-settings=\"{&quot;_position&quot;:&quot;absolute&quot;}\" data-widget_type=\"text-editor.default\">\n\t\t\t\t<div class=\"elementor-widget-container\">\n\t\t\t\t\t\t\t\t\t<p><a href=\"https:\/\/retail3d.fr\/en\/professional-sectors\/training\/\">Training<\/a><\/p>\t\t\t\t\t\t\t\t<\/div>\n\t\t\t\t<\/div>\n\t\t\t\t<div class=\"elementor-element elementor-element-9576580 elementor-absolute elementor-widget elementor-widget-text-editor\" data-id=\"9576580\" data-element_type=\"widget\" data-e-type=\"widget\" data-settings=\"{&quot;_position&quot;:&quot;absolute&quot;}\" data-widget_type=\"text-editor.default\">\n\t\t\t\t<div class=\"elementor-widget-container\">\n\t\t\t\t\t\t\t\t\t<a href=\"https:\/\/retail3d.fr\/en\/professional-sectors\/training\/\">Design the appropriation<br \/>\nand operate the handover<br \/>\nby training your teams.<\/a>\t\t\t\t\t\t\t\t<\/div>\n\t\t\t\t<\/div>\n\t\t\t\t\t<\/div>\n\t\t\t\t<\/div>\n\t\t\t\t\t<\/div>\n\t\t\t\t<\/div>\n\t\t<div class=\"elementor-element elementor-element-d8cd06c e-flex e-con-boxed e-con e-parent\" data-id=\"d8cd06c\" data-element_type=\"container\" data-e-type=\"container\">\n\t\t\t\t\t<div class=\"e-con-inner\">\n\t\t\t\t<div class=\"elementor-element elementor-element-5bbd22f elementor-widget elementor-widget-heading\" data-id=\"5bbd22f\" data-element_type=\"widget\" data-e-type=\"widget\" data-widget_type=\"heading.default\">\n\t\t\t\t<div class=\"elementor-widget-container\">\n\t\t\t\t\t<h2 class=\"elementor-heading-title elementor-size-default\">Would you like us to work on your project?<\/h2>\t\t\t\t<\/div>\n\t\t\t\t<\/div>\n\t\t\t\t<div class=\"elementor-element elementor-element-bb1f507 elementor-align-center elementor-widget elementor-widget-button\" data-id=\"bb1f507\" data-element_type=\"widget\" data-e-type=\"widget\" data-widget_type=\"button.default\">\n\t\t\t\t<div class=\"elementor-widget-container\">\n\t\t\t\t\t\t\t\t\t<div class=\"elementor-button-wrapper\">\n\t\t\t\t\t<a class=\"elementor-button elementor-button-link elementor-size-sm\" href=\"https:\/\/retail3d.fr\/en\/contact\/\">\n\t\t\t\t\t\t<span class=\"elementor-button-content-wrapper\">\n\t\t\t\t\t\t\t\t\t<span class=\"elementor-button-text\">Contact us<\/span>\n\t\t\t\t\t<\/span>\n\t\t\t\t\t<\/a>\n\t\t\t\t<\/div>\n\t\t\t\t\t\t\t\t<\/div>\n\t\t\t\t<\/div>\n\t\t\t\t\t<\/div>\n\t\t\t\t<\/div>\n\t\t\t\t<\/div>","protected":false},"excerpt":{"rendered":"<p>Notre approchedesign management durable Un accompagnement retail \u00e0 360\u00b0, global ou \u00e0 la carte, adapt\u00e9 \u00e0 votre culture d\u2019entreprise et pla\u00e7ant la marque au centre&nbsp;: Le co-d\u00e9veloppement au c\u0153ur de notre pratique, en int\u00e9grant les \u00e9quipes et les clients \u00e0 chaque \u00e9tape de r\u00e9flexion. Une construction sur-mesure des missions, en int\u00e9grant les imp\u00e9ratifs de timings, [&hellip;]<\/p>\n","protected":false},"author":1,"featured_media":0,"parent":0,"menu_order":0,"comment_status":"closed","ping_status":"closed","template":"","meta":{"_acf_changed":false,"footnotes":""},"class_list":["post-52","page","type-page","status-publish","hentry"],"acf":[],"yoast_head":"<!-- This site is optimized with the Yoast SEO plugin v27.3 - https:\/\/yoast.com\/product\/yoast-seo-wordpress\/ -->\n<title>retail3D | Les m\u00e9tiers<\/title>\n<meta name=\"description\" content=\"Un accompagnement retail \u00e0 360\u00b0, global ou \u00e0 la carte, adapt\u00e9 \u00e0 votre culture d\u2019entreprise et pla\u00e7ant la marque au centre.\" \/>\n<meta name=\"robots\" content=\"index, follow, max-snippet:-1, max-image-preview:large, max-video-preview:-1\" \/>\n<link rel=\"canonical\" href=\"https:\/\/retail3d.fr\/en\/professional-sectors\/\" \/>\n<meta property=\"og:locale\" content=\"en_US\" \/>\n<meta property=\"og:type\" content=\"article\" \/>\n<meta property=\"og:title\" content=\"retail3D | Les m\u00e9tiers\" \/>\n<meta property=\"og:description\" content=\"Un accompagnement retail \u00e0 360\u00b0, global ou \u00e0 la carte, adapt\u00e9 \u00e0 votre culture d\u2019entreprise et pla\u00e7ant la marque au centre.\" \/>\n<meta property=\"og:url\" content=\"https:\/\/retail3d.fr\/en\/professional-sectors\/\" \/>\n<meta property=\"og:site_name\" content=\"retail3D\" \/>\n<meta property=\"article:modified_time\" content=\"2024-09-13T15:03:31+00:00\" \/>\n<meta property=\"og:image\" content=\"https:\/\/retail3d.fr\/wp-content\/uploads\/2023\/07\/PAGE-3_KV.jpg\" \/>\n<meta name=\"twitter:card\" content=\"summary_large_image\" \/>\n<meta name=\"twitter:label1\" content=\"Est. reading time\" \/>\n\t<meta name=\"twitter:data1\" content=\"2 minutes\" \/>\n<script type=\"application\/ld+json\" class=\"yoast-schema-graph\">{\"@context\":\"https:\\\/\\\/schema.org\",\"@graph\":[{\"@type\":\"WebPage\",\"@id\":\"https:\\\/\\\/retail3d.fr\\\/les-metiers\\\/\",\"url\":\"https:\\\/\\\/retail3d.fr\\\/les-metiers\\\/\",\"name\":\"retail3D | Les m\u00e9tiers\",\"isPartOf\":{\"@id\":\"https:\\\/\\\/retail3d.fr\\\/#website\"},\"primaryImageOfPage\":{\"@id\":\"https:\\\/\\\/retail3d.fr\\\/les-metiers\\\/#primaryimage\"},\"image\":{\"@id\":\"https:\\\/\\\/retail3d.fr\\\/les-metiers\\\/#primaryimage\"},\"thumbnailUrl\":\"https:\\\/\\\/retail3d.fr\\\/wp-content\\\/uploads\\\/2023\\\/07\\\/PAGE-3_KV.jpg\",\"datePublished\":\"2023-07-07T14:30:15+00:00\",\"dateModified\":\"2024-09-13T15:03:31+00:00\",\"description\":\"Un accompagnement retail \u00e0 360\u00b0, global ou \u00e0 la carte, adapt\u00e9 \u00e0 votre culture d\u2019entreprise et pla\u00e7ant la marque au centre.\",\"breadcrumb\":{\"@id\":\"https:\\\/\\\/retail3d.fr\\\/les-metiers\\\/#breadcrumb\"},\"inLanguage\":\"en-US\",\"potentialAction\":[{\"@type\":\"ReadAction\",\"target\":[\"https:\\\/\\\/retail3d.fr\\\/les-metiers\\\/\"]}]},{\"@type\":\"ImageObject\",\"inLanguage\":\"en-US\",\"@id\":\"https:\\\/\\\/retail3d.fr\\\/les-metiers\\\/#primaryimage\",\"url\":\"https:\\\/\\\/retail3d.fr\\\/wp-content\\\/uploads\\\/2023\\\/07\\\/PAGE-3_KV.jpg\",\"contentUrl\":\"https:\\\/\\\/retail3d.fr\\\/wp-content\\\/uploads\\\/2023\\\/07\\\/PAGE-3_KV.jpg\"},{\"@type\":\"BreadcrumbList\",\"@id\":\"https:\\\/\\\/retail3d.fr\\\/les-metiers\\\/#breadcrumb\",\"itemListElement\":[{\"@type\":\"ListItem\",\"position\":1,\"name\":\"Accueil\",\"item\":\"https:\\\/\\\/retail3d.fr\\\/\"},{\"@type\":\"ListItem\",\"position\":2,\"name\":\"Les m\u00e9tiers\"}]},{\"@type\":\"WebSite\",\"@id\":\"https:\\\/\\\/retail3d.fr\\\/#website\",\"url\":\"https:\\\/\\\/retail3d.fr\\\/\",\"name\":\"retail3D\",\"description\":\"retail3D est une agence de design qui r\u00e9unit en un lieu les expertises strat\u00e9giques, cr\u00e9atives, techniques et p\u00e9dagogiques au service des marques.\",\"publisher\":{\"@id\":\"https:\\\/\\\/retail3d.fr\\\/#organization\"},\"potentialAction\":[{\"@type\":\"SearchAction\",\"target\":{\"@type\":\"EntryPoint\",\"urlTemplate\":\"https:\\\/\\\/retail3d.fr\\\/?s={search_term_string}\"},\"query-input\":{\"@type\":\"PropertyValueSpecification\",\"valueRequired\":true,\"valueName\":\"search_term_string\"}}],\"inLanguage\":\"en-US\"},{\"@type\":\"Organization\",\"@id\":\"https:\\\/\\\/retail3d.fr\\\/#organization\",\"name\":\"retail3D\",\"url\":\"https:\\\/\\\/retail3d.fr\\\/\",\"logo\":{\"@type\":\"ImageObject\",\"inLanguage\":\"en-US\",\"@id\":\"https:\\\/\\\/retail3d.fr\\\/#\\\/schema\\\/logo\\\/image\\\/\",\"url\":\"https:\\\/\\\/retail3d.fr\\\/wp-content\\\/uploads\\\/2023\\\/07\\\/favicon.png\",\"contentUrl\":\"https:\\\/\\\/retail3d.fr\\\/wp-content\\\/uploads\\\/2023\\\/07\\\/favicon.png\",\"width\":512,\"height\":512,\"caption\":\"retail3D\"},\"image\":{\"@id\":\"https:\\\/\\\/retail3d.fr\\\/#\\\/schema\\\/logo\\\/image\\\/\"},\"sameAs\":[\"https:\\\/\\\/www.instagram.com\\\/retail3d\\\/\",\"https:\\\/\\\/www.linkedin.com\\\/company\\\/retail-3d\\\/\"]}]}<\/script>\n<!-- \/ Yoast SEO plugin. -->","yoast_head_json":{"title":"retail3D | Professional Sectors","description":"360\u00b0 retail support, global or \u00e0 la carte, adapted to your corporate culture and which places the brand at the centre:","robots":{"index":"index","follow":"follow","max-snippet":"max-snippet:-1","max-image-preview":"max-image-preview:large","max-video-preview":"max-video-preview:-1"},"canonical":"https:\/\/retail3d.fr\/en\/professional-sectors\/","og_locale":"en_US","og_type":"article","og_title":"retail3D | Les m\u00e9tiers","og_description":"Un accompagnement retail \u00e0 360\u00b0, global ou \u00e0 la carte, adapt\u00e9 \u00e0 votre culture d\u2019entreprise et pla\u00e7ant la marque au centre.","og_url":"https:\/\/retail3d.fr\/en\/professional-sectors\/","og_site_name":"retail3D","article_modified_time":"2024-09-13T15:03:31+00:00","og_image":[{"url":"https:\/\/retail3d.fr\/wp-content\/uploads\/2023\/07\/PAGE-3_KV.jpg","type":"","width":"","height":""}],"twitter_card":"summary_large_image","twitter_misc":{"Est. reading time":"2 minutes"},"schema":{"@context":"https:\/\/schema.org","@graph":[{"@type":"WebPage","@id":"https:\/\/retail3d.fr\/les-metiers\/","url":"https:\/\/retail3d.fr\/les-metiers\/","name":"retail3D | Professional Sectors","isPartOf":{"@id":"https:\/\/retail3d.fr\/#website"},"primaryImageOfPage":{"@id":"https:\/\/retail3d.fr\/les-metiers\/#primaryimage"},"image":{"@id":"https:\/\/retail3d.fr\/les-metiers\/#primaryimage"},"thumbnailUrl":"https:\/\/retail3d.fr\/wp-content\/uploads\/2023\/07\/PAGE-3_KV.jpg","datePublished":"2023-07-07T14:30:15+00:00","dateModified":"2024-09-13T15:03:31+00:00","description":"360\u00b0 retail support, global or \u00e0 la carte, adapted to your corporate culture and which places the brand at the centre:","breadcrumb":{"@id":"https:\/\/retail3d.fr\/les-metiers\/#breadcrumb"},"inLanguage":"en-US","potentialAction":[{"@type":"ReadAction","target":["https:\/\/retail3d.fr\/les-metiers\/"]}]},{"@type":"ImageObject","inLanguage":"en-US","@id":"https:\/\/retail3d.fr\/les-metiers\/#primaryimage","url":"https:\/\/retail3d.fr\/wp-content\/uploads\/2023\/07\/PAGE-3_KV.jpg","contentUrl":"https:\/\/retail3d.fr\/wp-content\/uploads\/2023\/07\/PAGE-3_KV.jpg"},{"@type":"BreadcrumbList","@id":"https:\/\/retail3d.fr\/les-metiers\/#breadcrumb","itemListElement":[{"@type":"ListItem","position":1,"name":"Accueil","item":"https:\/\/retail3d.fr\/"},{"@type":"ListItem","position":2,"name":"Les m\u00e9tiers"}]},{"@type":"WebSite","@id":"https:\/\/retail3d.fr\/#website","url":"https:\/\/retail3d.fr\/","name":"retail3D","description":"retail3D is your one-stop shop for strategic, creative, technical and educational expertise at the service of brands and networks.","publisher":{"@id":"https:\/\/retail3d.fr\/#organization"},"potentialAction":[{"@type":"SearchAction","target":{"@type":"EntryPoint","urlTemplate":"https:\/\/retail3d.fr\/?s={search_term_string}"},"query-input":{"@type":"PropertyValueSpecification","valueRequired":true,"valueName":"search_term_string"}}],"inLanguage":"en-US"},{"@type":"Organization","@id":"https:\/\/retail3d.fr\/#organization","name":"retail3D","url":"https:\/\/retail3d.fr\/","logo":{"@type":"ImageObject","inLanguage":"en-US","@id":"https:\/\/retail3d.fr\/#\/schema\/logo\/image\/","url":"https:\/\/retail3d.fr\/wp-content\/uploads\/2023\/07\/favicon.png","contentUrl":"https:\/\/retail3d.fr\/wp-content\/uploads\/2023\/07\/favicon.png","width":512,"height":512,"caption":"retail3D"},"image":{"@id":"https:\/\/retail3d.fr\/#\/schema\/logo\/image\/"},"sameAs":["https:\/\/www.instagram.com\/retail3d\/","https:\/\/www.linkedin.com\/company\/retail-3d\/"]}]}},"_links":{"self":[{"href":"https:\/\/retail3d.fr\/en\/wp-json\/wp\/v2\/pages\/52","targetHints":{"allow":["GET"]}}],"collection":[{"href":"https:\/\/retail3d.fr\/en\/wp-json\/wp\/v2\/pages"}],"about":[{"href":"https:\/\/retail3d.fr\/en\/wp-json\/wp\/v2\/types\/page"}],"author":[{"embeddable":true,"href":"https:\/\/retail3d.fr\/en\/wp-json\/wp\/v2\/users\/1"}],"replies":[{"embeddable":true,"href":"https:\/\/retail3d.fr\/en\/wp-json\/wp\/v2\/comments?post=52"}],"version-history":[{"count":9,"href":"https:\/\/retail3d.fr\/en\/wp-json\/wp\/v2\/pages\/52\/revisions"}],"predecessor-version":[{"id":3438,"href":"https:\/\/retail3d.fr\/en\/wp-json\/wp\/v2\/pages\/52\/revisions\/3438"}],"wp:attachment":[{"href":"https:\/\/retail3d.fr\/en\/wp-json\/wp\/v2\/media?parent=52"}],"curies":[{"name":"wp","href":"https:\/\/api.w.org\/{rel}","templated":true}]}}