{"id":85,"date":"2023-07-11T08:29:23","date_gmt":"2023-07-11T08:29:23","guid":{"rendered":"https:\/\/retail3d.fr\/?page_id=85"},"modified":"2023-11-06T15:40:33","modified_gmt":"2023-11-06T15:40:33","slug":"eco-creation","status":"publish","type":"page","link":"https:\/\/retail3d.fr\/en\/l-eco-retail\/eco-creation\/","title":{"rendered":"eco-creation"},"content":{"rendered":"\t\t<div data-elementor-type=\"wp-page\" data-elementor-id=\"85\" class=\"elementor elementor-85\" data-elementor-post-type=\"page\">\n\t\t\t\t<div class=\"elementor-element elementor-element-f2d9468 e-flex e-con-boxed e-con e-parent\" data-id=\"f2d9468\" data-element_type=\"container\" data-e-type=\"container\">\n\t\t\t\t\t<div class=\"e-con-inner\">\n\t\t\t\t<div class=\"elementor-element elementor-element-368cd56 elementor-widget elementor-widget-heading\" data-id=\"368cd56\" data-element_type=\"widget\" data-e-type=\"widget\" data-widget_type=\"heading.default\">\n\t\t\t\t<div class=\"elementor-widget-container\">\n\t\t\t\t\t<h2 class=\"elementor-heading-title elementor-size-default\">Eco-cr\u00e9ation :<br>co-d\u00e9veloppement de projets design et architecturaux eco-con\u00e7us<\/h2>\t\t\t\t<\/div>\n\t\t\t\t<\/div>\n\t\t\t\t\t<\/div>\n\t\t\t\t<\/div>\n\t\t<div class=\"elementor-element elementor-element-4f2a858 e-flex e-con-boxed e-con e-parent\" data-id=\"4f2a858\" data-element_type=\"container\" data-e-type=\"container\">\n\t\t\t\t\t<div class=\"e-con-inner\">\n\t\t\t\t<div class=\"elementor-element elementor-element-cd6a9a7 elementor-widget__width-initial elementor-invisible elementor-widget elementor-widget-image\" data-id=\"cd6a9a7\" data-element_type=\"widget\" data-e-type=\"widget\" data-settings=\"{&quot;_animation&quot;:&quot;fadeIn&quot;}\" data-widget_type=\"image.default\">\n\t\t\t\t<div class=\"elementor-widget-container\">\n\t\t\t\t\t\t\t\t\t\t\t\t\t\t\t<img fetchpriority=\"high\" decoding=\"async\" width=\"700\" height=\"420\" src=\"https:\/\/retail3d.fr\/wp-content\/uploads\/2023\/07\/PAGE-10_KV.jpg\" class=\"attachment-full size-full wp-image-1170\" alt=\"\" srcset=\"https:\/\/retail3d.fr\/wp-content\/uploads\/2023\/07\/PAGE-10_KV.jpg 700w, https:\/\/retail3d.fr\/wp-content\/uploads\/2023\/07\/PAGE-10_KV-300x180.jpg 300w\" sizes=\"(max-width: 700px) 100vw, 700px\" \/>\t\t\t\t\t\t\t\t\t\t\t\t\t\t\t<\/div>\n\t\t\t\t<\/div>\n\t\t<div class=\"elementor-element elementor-element-3aef077 e-flex e-con-boxed e-con e-child\" data-id=\"3aef077\" data-element_type=\"container\" data-e-type=\"container\">\n\t\t\t\t\t<div class=\"e-con-inner\">\n\t\t\t\t<div class=\"elementor-element elementor-element-589a195 elementor-widget elementor-widget-heading\" data-id=\"589a195\" data-element_type=\"widget\" data-e-type=\"widget\" data-widget_type=\"heading.default\">\n\t\t\t\t<div class=\"elementor-widget-container\">\n\t\t\t\t\t<h2 class=\"elementor-heading-title elementor-size-default\">Cadrer, eco-construire et \u00e9valuer votre projet durable<\/h2>\t\t\t\t<\/div>\n\t\t\t\t<\/div>\n\t\t\t\t<div class=\"elementor-element elementor-element-0cb9cad elementor-widget__width-auto elementor-widget elementor-widget-text-editor\" data-id=\"0cb9cad\" data-element_type=\"widget\" data-e-type=\"widget\" data-widget_type=\"text-editor.default\">\n\t\t\t\t<div class=\"elementor-widget-container\">\n\t\t\t\t\t\t\t\t\t<p>Tous nos designers sont form\u00e9s \u00e0 l&rsquo;eco-conception afin de vous aider \u00e0 faire des choix raisonn\u00e9s et \u00e0 d\u00e9velopper avec vous des projets de design et d&rsquo;architecture durables (conception, mat\u00e9riaux, r\u00e9flexion fin de vie&#8230;).<\/p>\t\t\t\t\t\t\t\t<\/div>\n\t\t\t\t<\/div>\n\t\t\t\t\t<\/div>\n\t\t\t\t<\/div>\n\t\t\t\t\t<\/div>\n\t\t\t\t<\/div>\n\t\t<div class=\"elementor-element elementor-element-c0a297e e-flex e-con-boxed e-con e-parent\" data-id=\"c0a297e\" data-element_type=\"container\" data-e-type=\"container\" data-settings=\"{&quot;background_background&quot;:&quot;classic&quot;}\">\n\t\t\t\t\t<div class=\"e-con-inner\">\n\t\t\t\t<div class=\"elementor-element elementor-element-fbd6740 elementor-widget elementor-widget-heading\" data-id=\"fbd6740\" data-element_type=\"widget\" data-e-type=\"widget\" data-widget_type=\"heading.default\">\n\t\t\t\t<div class=\"elementor-widget-container\">\n\t\t\t\t\t<h2 class=\"elementor-heading-title elementor-size-default\">Une m\u00e9thodologie \u00e9prouv\u00e9e<\/h2>\t\t\t\t<\/div>\n\t\t\t\t<\/div>\n\t\t\t\t<div class=\"elementor-element elementor-element-7239b29 elementor-grid-3 elementor-grid-tablet-2 elementor-grid-mobile-1 elementor-widget elementor-widget-loop-grid\" data-id=\"7239b29\" data-element_type=\"widget\" data-e-type=\"widget\" data-settings=\"{&quot;template_id&quot;:&quot;1210&quot;,&quot;_skin&quot;:&quot;post&quot;,&quot;columns&quot;:&quot;3&quot;,&quot;columns_tablet&quot;:&quot;2&quot;,&quot;columns_mobile&quot;:&quot;1&quot;,&quot;edit_handle_selector&quot;:&quot;[data-elementor-type=\\&quot;loop-item\\&quot;]&quot;,&quot;row_gap&quot;:{&quot;unit&quot;:&quot;px&quot;,&quot;size&quot;:&quot;&quot;,&quot;sizes&quot;:[]},&quot;row_gap_tablet&quot;:{&quot;unit&quot;:&quot;px&quot;,&quot;size&quot;:&quot;&quot;,&quot;sizes&quot;:[]},&quot;row_gap_mobile&quot;:{&quot;unit&quot;:&quot;px&quot;,&quot;size&quot;:&quot;&quot;,&quot;sizes&quot;:[]}}\" data-widget_type=\"loop-grid.post\">\n\t\t\t\t<div class=\"elementor-widget-container\">\n\t\t\t\t\t\t\t<div class=\"elementor-loop-container elementor-grid\" role=\"list\">\n\t\t<style id=\"loop-1210\">.elementor-1210 .elementor-element.elementor-element-4a1b96e5{--display:flex;--margin-top:0px;--margin-bottom:0px;--margin-left:0px;--margin-right:0px;--padding-top:0px;--padding-bottom:0px;--padding-left:0px;--padding-right:0px;}.elementor-1210 .elementor-element.elementor-element-f62d906 > .elementor-widget-container{margin:0px 0px 0px 0px;padding:0px 0px 0px 0px;}.elementor-1210 .elementor-element.elementor-element-5aff75d .elementor-heading-title{font-family:\"FieldWork Geo Demibold\", Sans-serif;font-size:24px;text-transform:uppercase;}.elementor-1210 .elementor-element.elementor-element-5aff75d > .elementor-widget-container{margin:0px 0px 0px 0px;padding:0px 0px 0px 0px;}.elementor-1210 .elementor-element.elementor-element-3a3857e0{font-family:\"FieldWork Geo Light\", Sans-serif;font-size:20px;color:var( --e-global-color-text );}.elementor-1210 .elementor-element.elementor-element-3a3857e0 > .elementor-widget-container{margin:-20px 0px 0px 0px;padding:0px 0px 0px 0px;}@media(max-width:767px){.elementor-1210 .elementor-element.elementor-element-3a3857e0{font-size:16px;line-height:1.4em;}}\/* Start custom CSS for theme-post-title, class: .elementor-element-5aff75d *\/.elementor-1210 .elementor-element.elementor-element-5aff75d h3{\n    margin-top: -10px;\n}\n.elementor-1210 .elementor-element.elementor-element-5aff75d a{\n    text-decoration: none;\n}\/* End custom CSS *\/\n\/* Start custom CSS for text-editor, class: .elementor-element-3a3857e0 *\/.elementor-1210 .elementor-element.elementor-element-3a3857e0 p{\n    margin: 0;\n    padding: 0;\n}\/* End custom CSS *\/<\/style>\t\t<div data-elementor-type=\"loop-item\" data-elementor-id=\"1210\" class=\"elementor elementor-1210 e-loop-item e-loop-item-1177 post-1177 realisation type-realisation status-publish has-post-thumbnail hentry metier-define metier-deliver metier-design secteur-beaute eco-retail-cat-eco-creation\" data-elementor-post-type=\"elementor_library\" data-custom-edit-handle=\"1\">\n\t\t\t<div class=\"elementor-element elementor-element-4a1b96e5 e-flex e-con-boxed e-con e-parent\" data-id=\"4a1b96e5\" data-element_type=\"container\" data-e-type=\"container\">\n\t\t\t\t\t<div class=\"e-con-inner\">\n\t\t\t\t<div class=\"elementor-element elementor-element-f62d906 elementor-widget elementor-widget-image\" data-id=\"f62d906\" data-element_type=\"widget\" data-e-type=\"widget\" data-widget_type=\"image.default\">\n\t\t\t\t<div class=\"elementor-widget-container\">\n\t\t\t\t\t\t\t\t\t\t\t\t\t\t\t\t<a href=\"https:\/\/retail3d.fr\/realisation\/unbottled\/\">\n\t\t\t\t\t\t\t<img decoding=\"async\" width=\"700\" height=\"420\" src=\"https:\/\/retail3d.fr\/wp-content\/uploads\/2023\/07\/retouche-facade_web.jpg\" class=\"elementor-animation-float attachment-large size-large wp-image-1184\" alt=\"\" srcset=\"https:\/\/retail3d.fr\/wp-content\/uploads\/2023\/07\/retouche-facade_web.jpg 700w, https:\/\/retail3d.fr\/wp-content\/uploads\/2023\/07\/retouche-facade_web-300x180.jpg 300w\" sizes=\"(max-width: 700px) 100vw, 700px\" \/>\t\t\t\t\t\t\t\t<\/a>\n\t\t\t\t\t\t\t\t\t\t\t\t\t\t\t<\/div>\n\t\t\t\t<\/div>\n\t\t\t\t<div class=\"elementor-element elementor-element-5aff75d elementor-widget elementor-widget-theme-post-title elementor-page-title elementor-widget-heading\" data-id=\"5aff75d\" data-element_type=\"widget\" data-e-type=\"widget\" data-widget_type=\"theme-post-title.default\">\n\t\t\t\t<div class=\"elementor-widget-container\">\n\t\t\t\t\t<h3 class=\"elementor-heading-title elementor-size-default\"><a href=\"https:\/\/retail3d.fr\/realisation\/unbottled\/\">UNBOTTLED<\/a><\/h3>\t\t\t\t<\/div>\n\t\t\t\t<\/div>\n\t\t\t\t<div class=\"elementor-element elementor-element-3a3857e0 elementor-widget elementor-widget-text-editor\" data-id=\"3a3857e0\" data-element_type=\"widget\" data-e-type=\"widget\" data-widget_type=\"text-editor.default\">\n\t\t\t\t<div class=\"elementor-widget-container\">\n\t\t\t\t\t\t\t\t\tCr\u00e9ation du concept retail &amp; merchandising, avec un soin particulier accord\u00e9 \u00e0 l&rsquo;eco-conception (m\u00eame type de mission pour HORACE ou MUSTELA).\t\t\t\t\t\t\t\t<\/div>\n\t\t\t\t<\/div>\n\t\t\t\t\t<\/div>\n\t\t\t\t<\/div>\n\t\t\t\t<\/div>\n\t\t\t\t<div data-elementor-type=\"loop-item\" data-elementor-id=\"1210\" class=\"elementor elementor-1210 e-loop-item e-loop-item-1185 post-1185 realisation type-realisation status-publish has-post-thumbnail hentry metier-define metier-deliver metier-design secteur-beaute eco-retail-cat-eco-creation\" data-elementor-post-type=\"elementor_library\" data-custom-edit-handle=\"1\">\n\t\t\t<div class=\"elementor-element elementor-element-4a1b96e5 e-flex e-con-boxed e-con e-parent\" data-id=\"4a1b96e5\" data-element_type=\"container\" data-e-type=\"container\">\n\t\t\t\t\t<div class=\"e-con-inner\">\n\t\t\t\t<div class=\"elementor-element elementor-element-f62d906 elementor-widget elementor-widget-image\" data-id=\"f62d906\" data-element_type=\"widget\" data-e-type=\"widget\" data-widget_type=\"image.default\">\n\t\t\t\t<div class=\"elementor-widget-container\">\n\t\t\t\t\t\t\t\t\t\t\t\t\t\t\t\t<a href=\"https:\/\/retail3d.fr\/realisation\/armani\/\">\n\t\t\t\t\t\t\t<img decoding=\"async\" width=\"700\" height=\"420\" src=\"https:\/\/retail3d.fr\/wp-content\/uploads\/2023\/07\/ARMANI.jpg\" class=\"elementor-animation-float attachment-large size-large wp-image-1186\" alt=\"\" srcset=\"https:\/\/retail3d.fr\/wp-content\/uploads\/2023\/07\/ARMANI.jpg 700w, https:\/\/retail3d.fr\/wp-content\/uploads\/2023\/07\/ARMANI-300x180.jpg 300w\" sizes=\"(max-width: 700px) 100vw, 700px\" \/>\t\t\t\t\t\t\t\t<\/a>\n\t\t\t\t\t\t\t\t\t\t\t\t\t\t\t<\/div>\n\t\t\t\t<\/div>\n\t\t\t\t<div class=\"elementor-element elementor-element-5aff75d elementor-widget elementor-widget-theme-post-title elementor-page-title elementor-widget-heading\" data-id=\"5aff75d\" data-element_type=\"widget\" data-e-type=\"widget\" data-widget_type=\"theme-post-title.default\">\n\t\t\t\t<div class=\"elementor-widget-container\">\n\t\t\t\t\t<h3 class=\"elementor-heading-title elementor-size-default\"><a href=\"https:\/\/retail3d.fr\/realisation\/armani\/\">ARMANI<\/a><\/h3>\t\t\t\t<\/div>\n\t\t\t\t<\/div>\n\t\t\t\t<div class=\"elementor-element elementor-element-3a3857e0 elementor-widget elementor-widget-text-editor\" data-id=\"3a3857e0\" data-element_type=\"widget\" data-e-type=\"widget\" data-widget_type=\"text-editor.default\">\n\t\t\t\t<div class=\"elementor-widget-container\">\n\t\t\t\t\t\t\t\t\tAccompagner les \u00e9quipes ARMANI dans l&rsquo;eco-conception de leur flagship ARMONIA : optimisation mat\u00e9riaux, mobiliers, \u00e9clairages, etc.\t\t\t\t\t\t\t\t<\/div>\n\t\t\t\t<\/div>\n\t\t\t\t\t<\/div>\n\t\t\t\t<\/div>\n\t\t\t\t<\/div>\n\t\t\t\t<div data-elementor-type=\"loop-item\" data-elementor-id=\"1210\" class=\"elementor elementor-1210 e-loop-item e-loop-item-1198 post-1198 realisation type-realisation status-publish has-post-thumbnail hentry metier-define metier-deliver metier-design secteur-beaute eco-retail-cat-eco-creation eco-retail-cat-eco-refit\" data-elementor-post-type=\"elementor_library\" data-custom-edit-handle=\"1\">\n\t\t\t<div class=\"elementor-element elementor-element-4a1b96e5 e-flex e-con-boxed e-con e-parent\" data-id=\"4a1b96e5\" data-element_type=\"container\" data-e-type=\"container\">\n\t\t\t\t\t<div class=\"e-con-inner\">\n\t\t\t\t<div class=\"elementor-element elementor-element-f62d906 elementor-widget elementor-widget-image\" data-id=\"f62d906\" data-element_type=\"widget\" data-e-type=\"widget\" data-widget_type=\"image.default\">\n\t\t\t\t<div class=\"elementor-widget-container\">\n\t\t\t\t\t\t\t\t\t\t\t\t\t\t\t<img loading=\"lazy\" decoding=\"async\" width=\"700\" height=\"420\" src=\"https:\/\/retail3d.fr\/wp-content\/uploads\/2023\/06\/Logo-Sephora-eco-creation.jpg\" class=\"elementor-animation-float attachment-large size-large wp-image-2739\" alt=\"\" srcset=\"https:\/\/retail3d.fr\/wp-content\/uploads\/2023\/06\/Logo-Sephora-eco-creation.jpg 700w, https:\/\/retail3d.fr\/wp-content\/uploads\/2023\/06\/Logo-Sephora-eco-creation-300x180.jpg 300w, https:\/\/retail3d.fr\/wp-content\/uploads\/2023\/06\/Logo-Sephora-eco-creation-18x12.jpg 18w\" sizes=\"(max-width: 700px) 100vw, 700px\" \/>\t\t\t\t\t\t\t\t\t\t\t\t\t\t\t<\/div>\n\t\t\t\t<\/div>\n\t\t\t\t<div class=\"elementor-element elementor-element-5aff75d elementor-widget elementor-widget-theme-post-title elementor-page-title elementor-widget-heading\" data-id=\"5aff75d\" data-element_type=\"widget\" data-e-type=\"widget\" data-widget_type=\"theme-post-title.default\">\n\t\t\t\t<div class=\"elementor-widget-container\">\n\t\t\t\t\t<h3 class=\"elementor-heading-title elementor-size-default\">SEPHORA<\/h3>\t\t\t\t<\/div>\n\t\t\t\t<\/div>\n\t\t\t\t<div class=\"elementor-element elementor-element-3a3857e0 elementor-widget elementor-widget-text-editor\" data-id=\"3a3857e0\" data-element_type=\"widget\" data-e-type=\"widget\" data-widget_type=\"text-editor.default\">\n\t\t\t\t<div class=\"elementor-widget-container\">\n\t\t\t\t\t\t\t\t\tAccompagnement des \u00e9quipes SEPHORA dans la s\u00e9lection et le choix des mat\u00e9riaux, tout en prenant en consid\u00e9ration leur d\u00e9marche eco-responsable (m\u00eame type de missions pour ORVEDA ou LANCASTER).\t\t\t\t\t\t\t\t<\/div>\n\t\t\t\t<\/div>\n\t\t\t\t\t<\/div>\n\t\t\t\t<\/div>\n\t\t\t\t<\/div>\n\t\t\t\t<\/div>\n\t\t\n\t\t\t\t\t\t<\/div>\n\t\t\t\t<\/div>\n\t\t\t\t\t<\/div>\n\t\t\t\t<\/div>\n\t\t<div class=\"elementor-element elementor-element-86562b3 e-flex e-con-boxed e-con e-parent\" data-id=\"86562b3\" data-element_type=\"container\" data-e-type=\"container\">\n\t\t\t\t\t<div class=\"e-con-inner\">\n\t\t\t\t<div class=\"elementor-element elementor-element-f22954c elementor-widget elementor-widget-heading\" data-id=\"f22954c\" data-element_type=\"widget\" data-e-type=\"widget\" data-widget_type=\"heading.default\">\n\t\t\t\t<div class=\"elementor-widget-container\">\n\t\t\t\t\t<h2 class=\"elementor-heading-title elementor-size-default\">D\u00e9couvrez &nbsp;l\u2019eco&#8209;refit<\/h2>\t\t\t\t<\/div>\n\t\t\t\t<\/div>\n\t\t\t\t<div class=\"elementor-element elementor-element-fb381b1 elementor-align-center elementor-widget elementor-widget-button\" data-id=\"fb381b1\" data-element_type=\"widget\" data-e-type=\"widget\" data-widget_type=\"button.default\">\n\t\t\t\t<div class=\"elementor-widget-container\">\n\t\t\t\t\t\t\t\t\t<div class=\"elementor-button-wrapper\">\n\t\t\t\t\t<a class=\"elementor-button elementor-button-link elementor-size-sm\" href=\"https:\/\/retail3d.fr\/leco-retail\/eco-refit\/\">\n\t\t\t\t\t\t<span class=\"elementor-button-content-wrapper\">\n\t\t\t\t\t\t\t\t\t<span class=\"elementor-button-text\">L'eco-refit<\/span>\n\t\t\t\t\t<\/span>\n\t\t\t\t\t<\/a>\n\t\t\t\t<\/div>\n\t\t\t\t\t\t\t\t<\/div>\n\t\t\t\t<\/div>\n\t\t\t\t\t<\/div>\n\t\t\t\t<\/div>\n\t\t\t\t<\/div>\n\t\t","protected":false},"excerpt":{"rendered":"<p>Eco-cr\u00e9ation :co-d\u00e9veloppement de projets design et architecturaux eco-con\u00e7us Cadrer, eco-construire et \u00e9valuer votre projet durable Tous nos designers sont form\u00e9s \u00e0 l&rsquo;eco-conception afin de vous aider \u00e0 faire des choix raisonn\u00e9s et \u00e0 d\u00e9velopper avec vous des projets de design et d&rsquo;architecture durables (conception, mat\u00e9riaux, r\u00e9flexion fin de vie&#8230;). Une m\u00e9thodologie \u00e9prouv\u00e9e D\u00e9couvrez &nbsp;l\u2019eco&#8209;refit L&rsquo;eco-refit<\/p>","protected":false},"author":1,"featured_media":0,"parent":53,"menu_order":0,"comment_status":"closed","ping_status":"closed","template":"","meta":{"_acf_changed":false,"footnotes":""},"class_list":["post-85","page","type-page","status-publish","hentry"],"acf":[],"yoast_head":"<!-- This site is optimized with the Yoast SEO plugin v27.2 - https:\/\/yoast.com\/product\/yoast-seo-wordpress\/ -->\n<title>retail3D | eco-cr\u00e9ation<\/title>\n<meta name=\"description\" content=\"Cadrer, \u00e9co-construire et \u00e9valuer votre projet durable.\" \/>\n<meta name=\"robots\" content=\"index, follow, max-snippet:-1, max-image-preview:large, max-video-preview:-1\" \/>\n<link rel=\"canonical\" href=\"https:\/\/retail3d.fr\/en\/eco-retail\/eco-creation\/\" \/>\n<meta property=\"og:locale\" content=\"en_US\" \/>\n<meta property=\"og:type\" content=\"article\" \/>\n<meta property=\"og:title\" content=\"retail3D | eco-cr\u00e9ation\" \/>\n<meta property=\"og:description\" content=\"Cadrer, \u00e9co-construire et \u00e9valuer votre projet durable.\" \/>\n<meta property=\"og:url\" content=\"https:\/\/retail3d.fr\/en\/eco-retail\/eco-creation\/\" \/>\n<meta property=\"og:site_name\" content=\"retail3D\" \/>\n<meta property=\"article:modified_time\" content=\"2023-11-06T15:40:33+00:00\" \/>\n<meta property=\"og:image\" content=\"https:\/\/retail3d.fr\/wp-content\/uploads\/2023\/07\/PAGE-10_KV.jpg\" \/>\n<meta name=\"twitter:card\" content=\"summary_large_image\" \/>\n<meta name=\"twitter:label1\" content=\"Est. reading time\" \/>\n\t<meta name=\"twitter:data1\" content=\"3 minutes\" \/>\n<script type=\"application\/ld+json\" class=\"yoast-schema-graph\">{\"@context\":\"https:\/\/schema.org\",\"@graph\":[{\"@type\":\"WebPage\",\"@id\":\"https:\/\/retail3d.fr\/l-eco-retail\/eco-creation\/\",\"url\":\"https:\/\/retail3d.fr\/l-eco-retail\/eco-creation\/\",\"name\":\"retail3D | eco-cr\u00e9ation\",\"isPartOf\":{\"@id\":\"https:\/\/retail3d.fr\/#website\"},\"primaryImageOfPage\":{\"@id\":\"https:\/\/retail3d.fr\/l-eco-retail\/eco-creation\/#primaryimage\"},\"image\":{\"@id\":\"https:\/\/retail3d.fr\/l-eco-retail\/eco-creation\/#primaryimage\"},\"thumbnailUrl\":\"https:\/\/retail3d.fr\/wp-content\/uploads\/2023\/07\/PAGE-10_KV.jpg\",\"datePublished\":\"2023-07-11T08:29:23+00:00\",\"dateModified\":\"2023-11-06T15:40:33+00:00\",\"description\":\"Cadrer, \u00e9co-construire et \u00e9valuer votre projet durable.\",\"breadcrumb\":{\"@id\":\"https:\/\/retail3d.fr\/l-eco-retail\/eco-creation\/#breadcrumb\"},\"inLanguage\":\"en-US\",\"potentialAction\":[{\"@type\":\"ReadAction\",\"target\":[\"https:\/\/retail3d.fr\/l-eco-retail\/eco-creation\/\"]}]},{\"@type\":\"ImageObject\",\"inLanguage\":\"en-US\",\"@id\":\"https:\/\/retail3d.fr\/l-eco-retail\/eco-creation\/#primaryimage\",\"url\":\"https:\/\/retail3d.fr\/wp-content\/uploads\/2023\/07\/PAGE-10_KV.jpg\",\"contentUrl\":\"https:\/\/retail3d.fr\/wp-content\/uploads\/2023\/07\/PAGE-10_KV.jpg\"},{\"@type\":\"BreadcrumbList\",\"@id\":\"https:\/\/retail3d.fr\/l-eco-retail\/eco-creation\/#breadcrumb\",\"itemListElement\":[{\"@type\":\"ListItem\",\"position\":1,\"name\":\"Accueil\",\"item\":\"https:\/\/retail3d.fr\/\"},{\"@type\":\"ListItem\",\"position\":2,\"name\":\"L&rsquo;\u00e9co-retail\",\"item\":\"https:\/\/retail3d.fr\/l-eco-retail\/\"},{\"@type\":\"ListItem\",\"position\":3,\"name\":\"eco-cr\u00e9ation\"}]},{\"@type\":\"WebSite\",\"@id\":\"https:\/\/retail3d.fr\/#website\",\"url\":\"https:\/\/retail3d.fr\/\",\"name\":\"retail3D\",\"description\":\"retail3D est une agence de design qui r\u00e9unit en un lieu les expertises strat\u00e9giques, cr\u00e9atives, techniques et p\u00e9dagogiques au service des marques.\",\"publisher\":{\"@id\":\"https:\/\/retail3d.fr\/#organization\"},\"potentialAction\":[{\"@type\":\"SearchAction\",\"target\":{\"@type\":\"EntryPoint\",\"urlTemplate\":\"https:\/\/retail3d.fr\/?s={search_term_string}\"},\"query-input\":{\"@type\":\"PropertyValueSpecification\",\"valueRequired\":true,\"valueName\":\"search_term_string\"}}],\"inLanguage\":\"en-US\"},{\"@type\":\"Organization\",\"@id\":\"https:\/\/retail3d.fr\/#organization\",\"name\":\"retail3D\",\"url\":\"https:\/\/retail3d.fr\/\",\"logo\":{\"@type\":\"ImageObject\",\"inLanguage\":\"en-US\",\"@id\":\"https:\/\/retail3d.fr\/#\/schema\/logo\/image\/\",\"url\":\"https:\/\/retail3d.fr\/wp-content\/uploads\/2023\/07\/favicon.png\",\"contentUrl\":\"https:\/\/retail3d.fr\/wp-content\/uploads\/2023\/07\/favicon.png\",\"width\":512,\"height\":512,\"caption\":\"retail3D\"},\"image\":{\"@id\":\"https:\/\/retail3d.fr\/#\/schema\/logo\/image\/\"},\"sameAs\":[\"https:\/\/www.instagram.com\/retail3d\/\",\"https:\/\/www.linkedin.com\/company\/retail-3d\/\"]}]}<\/script>\n<!-- \/ Yoast SEO plugin. -->","yoast_head_json":{"title":"retail3D | eco-creation","description":"Frame, eco-build and evaluate your sustainable project","robots":{"index":"index","follow":"follow","max-snippet":"max-snippet:-1","max-image-preview":"max-image-preview:large","max-video-preview":"max-video-preview:-1"},"canonical":"https:\/\/retail3d.fr\/en\/eco-retail\/eco-creation\/","og_locale":"en_US","og_type":"article","og_title":"retail3D | eco-cr\u00e9ation","og_description":"Cadrer, \u00e9co-construire et \u00e9valuer votre projet durable.","og_url":"https:\/\/retail3d.fr\/en\/eco-retail\/eco-creation\/","og_site_name":"retail3D","article_modified_time":"2023-11-06T15:40:33+00:00","og_image":[{"url":"https:\/\/retail3d.fr\/wp-content\/uploads\/2023\/07\/PAGE-10_KV.jpg","type":"","width":"","height":""}],"twitter_card":"summary_large_image","twitter_misc":{"Est. reading time":"3 minutes"},"schema":{"@context":"https:\/\/schema.org","@graph":[{"@type":"WebPage","@id":"https:\/\/retail3d.fr\/l-eco-retail\/eco-creation\/","url":"https:\/\/retail3d.fr\/l-eco-retail\/eco-creation\/","name":"retail3D | eco-creation","isPartOf":{"@id":"https:\/\/retail3d.fr\/#website"},"primaryImageOfPage":{"@id":"https:\/\/retail3d.fr\/l-eco-retail\/eco-creation\/#primaryimage"},"image":{"@id":"https:\/\/retail3d.fr\/l-eco-retail\/eco-creation\/#primaryimage"},"thumbnailUrl":"https:\/\/retail3d.fr\/wp-content\/uploads\/2023\/07\/PAGE-10_KV.jpg","datePublished":"2023-07-11T08:29:23+00:00","dateModified":"2023-11-06T15:40:33+00:00","description":"Frame, eco-build and evaluate your sustainable project","breadcrumb":{"@id":"https:\/\/retail3d.fr\/l-eco-retail\/eco-creation\/#breadcrumb"},"inLanguage":"en-US","potentialAction":[{"@type":"ReadAction","target":["https:\/\/retail3d.fr\/l-eco-retail\/eco-creation\/"]}]},{"@type":"ImageObject","inLanguage":"en-US","@id":"https:\/\/retail3d.fr\/l-eco-retail\/eco-creation\/#primaryimage","url":"https:\/\/retail3d.fr\/wp-content\/uploads\/2023\/07\/PAGE-10_KV.jpg","contentUrl":"https:\/\/retail3d.fr\/wp-content\/uploads\/2023\/07\/PAGE-10_KV.jpg"},{"@type":"BreadcrumbList","@id":"https:\/\/retail3d.fr\/l-eco-retail\/eco-creation\/#breadcrumb","itemListElement":[{"@type":"ListItem","position":1,"name":"Accueil","item":"https:\/\/retail3d.fr\/"},{"@type":"ListItem","position":2,"name":"L&rsquo;\u00e9co-retail","item":"https:\/\/retail3d.fr\/l-eco-retail\/"},{"@type":"ListItem","position":3,"name":"eco-cr\u00e9ation"}]},{"@type":"WebSite","@id":"https:\/\/retail3d.fr\/#website","url":"https:\/\/retail3d.fr\/","name":"retail3D","description":"retail3D is your one-stop shop for strategic, creative, technical and educational expertise at the service of brands and networks.","publisher":{"@id":"https:\/\/retail3d.fr\/#organization"},"potentialAction":[{"@type":"SearchAction","target":{"@type":"EntryPoint","urlTemplate":"https:\/\/retail3d.fr\/?s={search_term_string}"},"query-input":{"@type":"PropertyValueSpecification","valueRequired":true,"valueName":"search_term_string"}}],"inLanguage":"en-US"},{"@type":"Organization","@id":"https:\/\/retail3d.fr\/#organization","name":"retail3D","url":"https:\/\/retail3d.fr\/","logo":{"@type":"ImageObject","inLanguage":"en-US","@id":"https:\/\/retail3d.fr\/#\/schema\/logo\/image\/","url":"https:\/\/retail3d.fr\/wp-content\/uploads\/2023\/07\/favicon.png","contentUrl":"https:\/\/retail3d.fr\/wp-content\/uploads\/2023\/07\/favicon.png","width":512,"height":512,"caption":"retail3D"},"image":{"@id":"https:\/\/retail3d.fr\/#\/schema\/logo\/image\/"},"sameAs":["https:\/\/www.instagram.com\/retail3d\/","https:\/\/www.linkedin.com\/company\/retail-3d\/"]}]}},"_links":{"self":[{"href":"https:\/\/retail3d.fr\/en\/wp-json\/wp\/v2\/pages\/85","targetHints":{"allow":["GET"]}}],"collection":[{"href":"https:\/\/retail3d.fr\/en\/wp-json\/wp\/v2\/pages"}],"about":[{"href":"https:\/\/retail3d.fr\/en\/wp-json\/wp\/v2\/types\/page"}],"author":[{"embeddable":true,"href":"https:\/\/retail3d.fr\/en\/wp-json\/wp\/v2\/users\/1"}],"replies":[{"embeddable":true,"href":"https:\/\/retail3d.fr\/en\/wp-json\/wp\/v2\/comments?post=85"}],"version-history":[{"count":5,"href":"https:\/\/retail3d.fr\/en\/wp-json\/wp\/v2\/pages\/85\/revisions"}],"predecessor-version":[{"id":3228,"href":"https:\/\/retail3d.fr\/en\/wp-json\/wp\/v2\/pages\/85\/revisions\/3228"}],"up":[{"embeddable":true,"href":"https:\/\/retail3d.fr\/en\/wp-json\/wp\/v2\/pages\/53"}],"wp:attachment":[{"href":"https:\/\/retail3d.fr\/en\/wp-json\/wp\/v2\/media?parent=85"}],"curies":[{"name":"wp","href":"https:\/\/api.w.org\/{rel}","templated":true}]}}