{"id":86,"date":"2023-07-11T08:29:42","date_gmt":"2023-07-11T08:29:42","guid":{"rendered":"https:\/\/retail3d.fr\/?page_id=86"},"modified":"2023-11-06T15:48:34","modified_gmt":"2023-11-06T15:48:34","slug":"eco-refit","status":"publish","type":"page","link":"https:\/\/retail3d.fr\/en\/l-eco-retail\/eco-refit\/","title":{"rendered":"eco-refit"},"content":{"rendered":"\t\t<div data-elementor-type=\"wp-page\" data-elementor-id=\"86\" class=\"elementor elementor-86\" data-elementor-post-type=\"page\">\n\t\t\t\t<div class=\"elementor-element elementor-element-6eac828 e-flex e-con-boxed e-con e-parent\" data-id=\"6eac828\" data-element_type=\"container\" data-e-type=\"container\">\n\t\t\t\t\t<div class=\"e-con-inner\">\n\t\t\t\t<div class=\"elementor-element elementor-element-5426bba elementor-widget elementor-widget-heading\" data-id=\"5426bba\" data-element_type=\"widget\" data-e-type=\"widget\" data-widget_type=\"heading.default\">\n\t\t\t\t<div class=\"elementor-widget-container\">\n\t\t\t\t\t<h2 class=\"elementor-heading-title elementor-size-default\">Eco-refit :<br \/>d\u00e9ploiement eco-con\u00e7u<\/h2>\t\t\t\t<\/div>\n\t\t\t\t<\/div>\n\t\t\t\t\t<\/div>\n\t\t\t\t<\/div>\n\t\t<div class=\"elementor-element elementor-element-110be1b e-flex e-con-boxed e-con e-parent\" data-id=\"110be1b\" data-element_type=\"container\" data-e-type=\"container\">\n\t\t\t\t\t<div class=\"e-con-inner\">\n\t\t\t\t<div class=\"elementor-element elementor-element-3bbf136 elementor-widget__width-initial elementor-invisible elementor-widget elementor-widget-image\" data-id=\"3bbf136\" data-element_type=\"widget\" data-e-type=\"widget\" data-settings=\"{&quot;_animation&quot;:&quot;fadeIn&quot;}\" data-widget_type=\"image.default\">\n\t\t\t\t<div class=\"elementor-widget-container\">\n\t\t\t\t\t\t\t\t\t\t\t\t\t\t\t<img fetchpriority=\"high\" decoding=\"async\" width=\"700\" height=\"420\" src=\"https:\/\/retail3d.fr\/wp-content\/uploads\/2023\/07\/PAGE-11_KV.jpg\" class=\"attachment-full size-full wp-image-1229\" alt=\"\" srcset=\"https:\/\/retail3d.fr\/wp-content\/uploads\/2023\/07\/PAGE-11_KV.jpg 700w, https:\/\/retail3d.fr\/wp-content\/uploads\/2023\/07\/PAGE-11_KV-300x180.jpg 300w\" sizes=\"(max-width: 700px) 100vw, 700px\" \/>\t\t\t\t\t\t\t\t\t\t\t\t\t\t\t<\/div>\n\t\t\t\t<\/div>\n\t\t<div class=\"elementor-element elementor-element-95832d7 e-flex e-con-boxed e-con e-child\" data-id=\"95832d7\" data-element_type=\"container\" data-e-type=\"container\">\n\t\t\t\t\t<div class=\"e-con-inner\">\n\t\t\t\t<div class=\"elementor-element elementor-element-149cbf7 elementor-widget elementor-widget-heading\" data-id=\"149cbf7\" data-element_type=\"widget\" data-e-type=\"widget\" data-widget_type=\"heading.default\">\n\t\t\t\t<div class=\"elementor-widget-container\">\n\t\t\t\t\t<h2 class=\"elementor-heading-title elementor-size-default\">D\u00e9ployer rapidement votre nouveau concept de fa\u00e7on \u00e9cologique et \u00e9conomique<\/h2>\t\t\t\t<\/div>\n\t\t\t\t<\/div>\n\t\t\t\t<div class=\"elementor-element elementor-element-5c8eb9b elementor-widget__width-auto elementor-widget elementor-widget-text-editor\" data-id=\"5c8eb9b\" data-element_type=\"widget\" data-e-type=\"widget\" data-widget_type=\"text-editor.default\">\n\t\t\t\t<div class=\"elementor-widget-container\">\n\t\t\t\t\t\t\t\t\t<p>Nous avons cr\u00e9\u00e9 une m\u00e9thode innovante, \u00e0 faible impact environnemental, pour d\u00e9ployer votre concept boutique en moins de temps et \u00e0 moindre co\u00fbt. Pour ce faire, nous s\u00e9lectionnons avec vous les marqueurs essentiels de votre nouveau concept, nous analysons votre parc de magasins, et trouvons les solutions les plus ing\u00e9nieuses pour optimiser les ressources, limiter les frais et le gaspillage. Ainsi, nous valorisons votre image de marque de fa\u00e7on responsable, tout en limitant vos pertes d\u2019exploitation (#\u00e9cologie, #\u00e9conomie, #co-d\u00e9veloppement).<\/p>\t\t\t\t\t\t\t\t<\/div>\n\t\t\t\t<\/div>\n\t\t\t\t\t<\/div>\n\t\t\t\t<\/div>\n\t\t\t\t\t<\/div>\n\t\t\t\t<\/div>\n\t\t<div class=\"elementor-element elementor-element-089b7aa e-flex e-con-boxed e-con e-parent\" data-id=\"089b7aa\" data-element_type=\"container\" data-e-type=\"container\" data-settings=\"{&quot;background_background&quot;:&quot;classic&quot;}\">\n\t\t\t\t\t<div class=\"e-con-inner\">\n\t\t\t\t<div class=\"elementor-element elementor-element-b6d43f7 elementor-widget elementor-widget-heading\" data-id=\"b6d43f7\" data-element_type=\"widget\" data-e-type=\"widget\" data-widget_type=\"heading.default\">\n\t\t\t\t<div class=\"elementor-widget-container\">\n\t\t\t\t\t<h2 class=\"elementor-heading-title elementor-size-default\">Une m\u00e9thodologie \u00e9prouv\u00e9e<\/h2>\t\t\t\t<\/div>\n\t\t\t\t<\/div>\n\t\t\t\t<div class=\"elementor-element elementor-element-e88e06a elementor-grid-3 elementor-grid-tablet-2 elementor-grid-mobile-1 elementor-widget elementor-widget-loop-grid\" data-id=\"e88e06a\" data-element_type=\"widget\" data-e-type=\"widget\" data-settings=\"{&quot;template_id&quot;:&quot;1224&quot;,&quot;_skin&quot;:&quot;post&quot;,&quot;columns&quot;:&quot;3&quot;,&quot;columns_tablet&quot;:&quot;2&quot;,&quot;columns_mobile&quot;:&quot;1&quot;,&quot;edit_handle_selector&quot;:&quot;[data-elementor-type=\\&quot;loop-item\\&quot;]&quot;,&quot;row_gap&quot;:{&quot;unit&quot;:&quot;px&quot;,&quot;size&quot;:&quot;&quot;,&quot;sizes&quot;:[]},&quot;row_gap_tablet&quot;:{&quot;unit&quot;:&quot;px&quot;,&quot;size&quot;:&quot;&quot;,&quot;sizes&quot;:[]},&quot;row_gap_mobile&quot;:{&quot;unit&quot;:&quot;px&quot;,&quot;size&quot;:&quot;&quot;,&quot;sizes&quot;:[]}}\" data-widget_type=\"loop-grid.post\">\n\t\t\t\t<div class=\"elementor-widget-container\">\n\t\t\t\t\t\t\t<div class=\"elementor-loop-container elementor-grid\" role=\"list\">\n\t\t<style id=\"loop-1224\">.elementor-1224 .elementor-element.elementor-element-34d537ca{--display:flex;--margin-top:0px;--margin-bottom:0px;--margin-left:0px;--margin-right:0px;--padding-top:0px;--padding-bottom:0px;--padding-left:0px;--padding-right:0px;}.elementor-1224 .elementor-element.elementor-element-4cbcaee8 > .elementor-widget-container{margin:0px 0px 0px 0px;padding:0px 0px 0px 0px;}.elementor-1224 .elementor-element.elementor-element-7e70ce28 .elementor-heading-title{font-family:\"FieldWork Geo Demibold\", Sans-serif;font-size:24px;text-transform:uppercase;}.elementor-1224 .elementor-element.elementor-element-7e70ce28 > .elementor-widget-container{margin:0px 0px 0px 0px;padding:0px 0px 0px 0px;}.elementor-1224 .elementor-element.elementor-element-18efba26{font-family:\"FieldWork Geo Light\", Sans-serif;font-size:20px;color:var( --e-global-color-text );}.elementor-1224 .elementor-element.elementor-element-18efba26 > .elementor-widget-container{margin:-20px 0px 0px 0px;padding:0px 0px 0px 0px;}@media(max-width:767px){.elementor-1224 .elementor-element.elementor-element-18efba26{font-size:16px;line-height:1.4em;}}\/* Start custom CSS for theme-post-title, class: .elementor-element-7e70ce28 *\/.elementor-1224 .elementor-element.elementor-element-7e70ce28 h3{\n    margin-top: -10px;\n}\n.elementor-1224 .elementor-element.elementor-element-7e70ce28 a{\n    text-decoration: none;\n}\/* End custom CSS *\/\n\/* Start custom CSS for text-editor, class: .elementor-element-18efba26 *\/.elementor-1224 .elementor-element.elementor-element-18efba26 p{\n    margin: 0;\n    padding: 0;\n}\/* End custom CSS *\/<\/style>\t\t<div data-elementor-type=\"loop-item\" data-elementor-id=\"1224\" class=\"elementor elementor-1224 e-loop-item e-loop-item-1198 post-1198 realisation type-realisation status-publish has-post-thumbnail hentry metier-define metier-deliver metier-design secteur-beaute eco-retail-cat-eco-creation eco-retail-cat-eco-refit\" data-elementor-post-type=\"elementor_library\" data-custom-edit-handle=\"1\">\n\t\t\t<div class=\"elementor-element elementor-element-34d537ca e-flex e-con-boxed e-con e-parent\" data-id=\"34d537ca\" data-element_type=\"container\" data-e-type=\"container\">\n\t\t\t\t\t<div class=\"e-con-inner\">\n\t\t\t\t<div class=\"elementor-element elementor-element-4cbcaee8 elementor-widget elementor-widget-theme-post-featured-image elementor-widget-image\" data-id=\"4cbcaee8\" data-element_type=\"widget\" data-e-type=\"widget\" data-widget_type=\"theme-post-featured-image.default\">\n\t\t\t\t<div class=\"elementor-widget-container\">\n\t\t\t\t\t\t\t\t\t\t\t\t\t\t\t\t<a href=\"https:\/\/retail3d.fr\/en\/realisation\/sephora\/\">\n\t\t\t\t\t\t\t<img decoding=\"async\" width=\"700\" height=\"420\" src=\"https:\/\/retail3d.fr\/wp-content\/uploads\/2023\/07\/sephoralyonconfluence_c.clyonconfluence_2.jpg\" class=\"elementor-animation-float attachment-large size-large wp-image-1202\" alt=\"\" srcset=\"https:\/\/retail3d.fr\/wp-content\/uploads\/2023\/07\/sephoralyonconfluence_c.clyonconfluence_2.jpg 700w, https:\/\/retail3d.fr\/wp-content\/uploads\/2023\/07\/sephoralyonconfluence_c.clyonconfluence_2-300x180.jpg 300w\" sizes=\"(max-width: 700px) 100vw, 700px\" \/>\t\t\t\t\t\t\t\t<\/a>\n\t\t\t\t\t\t\t\t\t\t\t\t\t\t\t<\/div>\n\t\t\t\t<\/div>\n\t\t\t\t<div class=\"elementor-element elementor-element-7e70ce28 elementor-widget elementor-widget-theme-post-title elementor-page-title elementor-widget-heading\" data-id=\"7e70ce28\" data-element_type=\"widget\" data-e-type=\"widget\" data-widget_type=\"theme-post-title.default\">\n\t\t\t\t<div class=\"elementor-widget-container\">\n\t\t\t\t\t<h3 class=\"elementor-heading-title elementor-size-default\"><a href=\"https:\/\/retail3d.fr\/en\/realisation\/sephora\/\">SEPHORA<\/a><\/h3>\t\t\t\t<\/div>\n\t\t\t\t<\/div>\n\t\t\t\t<div class=\"elementor-element elementor-element-18efba26 elementor-widget elementor-widget-text-editor\" data-id=\"18efba26\" data-element_type=\"widget\" data-e-type=\"widget\" data-widget_type=\"text-editor.default\">\n\t\t\t\t<div class=\"elementor-widget-container\">\n\t\t\t\t\t\t\t\t\tS\u00e9phora a adopt\u00e9 depuis 4 ans la m\u00e9thode eco-refit, qui lui a permis de r\u00e9nover 2 \u00e0 3 fois plus de magasins chaque ann\u00e9e et d\u2019uniformiser son parc de magasins. Une \u00e9quipe d\u00e9di\u00e9e de 6 personnes chez retail3D m\u00e8ne \u00e0 bien les projets, depuis les audits jusqu\u2019au pilotage chantiers\u2026\t\t\t\t\t\t\t\t<\/div>\n\t\t\t\t<\/div>\n\t\t\t\t\t<\/div>\n\t\t\t\t<\/div>\n\t\t\t\t<\/div>\n\t\t\t\t<div data-elementor-type=\"loop-item\" data-elementor-id=\"1224\" class=\"elementor elementor-1224 e-loop-item e-loop-item-1233 post-1233 realisation type-realisation status-publish has-post-thumbnail hentry metier-deliver secteur-beaute eco-retail-cat-eco-refit\" data-elementor-post-type=\"elementor_library\" data-custom-edit-handle=\"1\">\n\t\t\t<div class=\"elementor-element elementor-element-34d537ca e-flex e-con-boxed e-con e-parent\" data-id=\"34d537ca\" data-element_type=\"container\" data-e-type=\"container\">\n\t\t\t\t\t<div class=\"e-con-inner\">\n\t\t\t\t<div class=\"elementor-element elementor-element-4cbcaee8 elementor-widget elementor-widget-theme-post-featured-image elementor-widget-image\" data-id=\"4cbcaee8\" data-element_type=\"widget\" data-e-type=\"widget\" data-widget_type=\"theme-post-featured-image.default\">\n\t\t\t\t<div class=\"elementor-widget-container\">\n\t\t\t\t\t\t\t\t\t\t\t\t\t\t\t\t<a href=\"https:\/\/retail3d.fr\/en\/realisation\/lush\/\">\n\t\t\t\t\t\t\t<img decoding=\"async\" width=\"700\" height=\"420\" src=\"https:\/\/retail3d.fr\/wp-content\/uploads\/2023\/07\/LUSH.jpg\" class=\"elementor-animation-float attachment-large size-large wp-image-1240\" alt=\"\" srcset=\"https:\/\/retail3d.fr\/wp-content\/uploads\/2023\/07\/LUSH.jpg 700w, https:\/\/retail3d.fr\/wp-content\/uploads\/2023\/07\/LUSH-300x180.jpg 300w\" sizes=\"(max-width: 700px) 100vw, 700px\" \/>\t\t\t\t\t\t\t\t<\/a>\n\t\t\t\t\t\t\t\t\t\t\t\t\t\t\t<\/div>\n\t\t\t\t<\/div>\n\t\t\t\t<div class=\"elementor-element elementor-element-7e70ce28 elementor-widget elementor-widget-theme-post-title elementor-page-title elementor-widget-heading\" data-id=\"7e70ce28\" data-element_type=\"widget\" data-e-type=\"widget\" data-widget_type=\"theme-post-title.default\">\n\t\t\t\t<div class=\"elementor-widget-container\">\n\t\t\t\t\t<h3 class=\"elementor-heading-title elementor-size-default\"><a href=\"https:\/\/retail3d.fr\/en\/realisation\/lush\/\">LUSH<\/a><\/h3>\t\t\t\t<\/div>\n\t\t\t\t<\/div>\n\t\t\t\t<div class=\"elementor-element elementor-element-18efba26 elementor-widget elementor-widget-text-editor\" data-id=\"18efba26\" data-element_type=\"widget\" data-e-type=\"widget\" data-widget_type=\"text-editor.default\">\n\t\t\t\t<div class=\"elementor-widget-container\">\n\t\t\t\t\t\t\t\t\t<p>Mise en place de la m\u00e9thode eco-refit pour la r\u00e9novation d\u2019une dizaine de magasins en France.<\/p><p>Nous appliquons les m\u00eames m\u00e9thodologies \u200bpour C\u00e9lio, Eram, Sabon et d&rsquo;autres r\u00e9seaux en cours de r\u00e9novation.<\/p>\t\t\t\t\t\t\t\t<\/div>\n\t\t\t\t<\/div>\n\t\t\t\t\t<\/div>\n\t\t\t\t<\/div>\n\t\t\t\t<\/div>\n\t\t\t\t<div data-elementor-type=\"loop-item\" data-elementor-id=\"1224\" class=\"elementor elementor-1224 e-loop-item e-loop-item-1560 post-1560 realisation type-realisation status-publish has-post-thumbnail hentry metier-deliver metier-design secteur-sport eco-retail-cat-eco-refit\" data-elementor-post-type=\"elementor_library\" data-custom-edit-handle=\"1\">\n\t\t\t<div class=\"elementor-element elementor-element-34d537ca e-flex e-con-boxed e-con e-parent\" data-id=\"34d537ca\" data-element_type=\"container\" data-e-type=\"container\">\n\t\t\t\t\t<div class=\"e-con-inner\">\n\t\t\t\t<div class=\"elementor-element elementor-element-4cbcaee8 elementor-widget elementor-widget-theme-post-featured-image elementor-widget-image\" data-id=\"4cbcaee8\" data-element_type=\"widget\" data-e-type=\"widget\" data-widget_type=\"theme-post-featured-image.default\">\n\t\t\t\t<div class=\"elementor-widget-container\">\n\t\t\t\t\t\t\t\t\t\t\t\t\t\t\t\t<a href=\"https:\/\/retail3d.fr\/en\/realisation\/courir\/\">\n\t\t\t\t\t\t\t<img loading=\"lazy\" decoding=\"async\" width=\"700\" height=\"420\" src=\"https:\/\/retail3d.fr\/wp-content\/uploads\/2023\/08\/COURIR_KV.jpg\" class=\"elementor-animation-float attachment-large size-large wp-image-2642\" alt=\"\" srcset=\"https:\/\/retail3d.fr\/wp-content\/uploads\/2023\/08\/COURIR_KV.jpg 700w, https:\/\/retail3d.fr\/wp-content\/uploads\/2023\/08\/COURIR_KV-300x180.jpg 300w, https:\/\/retail3d.fr\/wp-content\/uploads\/2023\/08\/COURIR_KV-18x12.jpg 18w\" sizes=\"(max-width: 700px) 100vw, 700px\" \/>\t\t\t\t\t\t\t\t<\/a>\n\t\t\t\t\t\t\t\t\t\t\t\t\t\t\t<\/div>\n\t\t\t\t<\/div>\n\t\t\t\t<div class=\"elementor-element elementor-element-7e70ce28 elementor-widget elementor-widget-theme-post-title elementor-page-title elementor-widget-heading\" data-id=\"7e70ce28\" data-element_type=\"widget\" data-e-type=\"widget\" data-widget_type=\"theme-post-title.default\">\n\t\t\t\t<div class=\"elementor-widget-container\">\n\t\t\t\t\t<h3 class=\"elementor-heading-title elementor-size-default\"><a href=\"https:\/\/retail3d.fr\/en\/realisation\/courir\/\">COURIR<\/a><\/h3>\t\t\t\t<\/div>\n\t\t\t\t<\/div>\n\t\t\t\t<div class=\"elementor-element elementor-element-18efba26 elementor-widget elementor-widget-text-editor\" data-id=\"18efba26\" data-element_type=\"widget\" data-e-type=\"widget\" data-widget_type=\"text-editor.default\">\n\t\t\t\t<div class=\"elementor-widget-container\">\n\t\t\t\t\t\t\t\t\tCr\u00e9ation du concept eco-refit pour Courir, afin de transformer plus rapidement les concepts Black au concept Wood.\t\t\t\t\t\t\t\t<\/div>\n\t\t\t\t<\/div>\n\t\t\t\t\t<\/div>\n\t\t\t\t<\/div>\n\t\t\t\t<\/div>\n\t\t\t\t<\/div>\n\t\t\n\t\t\t\t\t\t<\/div>\n\t\t\t\t<\/div>\n\t\t\t\t\t<\/div>\n\t\t\t\t<\/div>\n\t\t<div class=\"elementor-element elementor-element-5d9f614 e-flex e-con-boxed e-con e-parent\" data-id=\"5d9f614\" data-element_type=\"container\" data-e-type=\"container\">\n\t\t\t\t\t<div class=\"e-con-inner\">\n\t\t\t\t<div class=\"elementor-element elementor-element-d91a11d elementor-widget elementor-widget-heading\" data-id=\"d91a11d\" data-element_type=\"widget\" data-e-type=\"widget\" data-widget_type=\"heading.default\">\n\t\t\t\t<div class=\"elementor-widget-container\">\n\t\t\t\t\t<h2 class=\"elementor-heading-title elementor-size-default\">D\u00e9couvrez &nbsp;les r\u00e9alisations<\/h2>\t\t\t\t<\/div>\n\t\t\t\t<\/div>\n\t\t\t\t<div class=\"elementor-element elementor-element-90cb382 elementor-align-center elementor-widget elementor-widget-button\" data-id=\"90cb382\" data-element_type=\"widget\" data-e-type=\"widget\" data-widget_type=\"button.default\">\n\t\t\t\t<div class=\"elementor-widget-container\">\n\t\t\t\t\t\t\t\t\t<div class=\"elementor-button-wrapper\">\n\t\t\t\t\t<a class=\"elementor-button elementor-button-link elementor-size-sm\" href=\"https:\/\/retail3d.fr\/les-realisations\/\">\n\t\t\t\t\t\t<span class=\"elementor-button-content-wrapper\">\n\t\t\t\t\t\t\t\t\t<span class=\"elementor-button-text\">Les r\u00e9alisations<\/span>\n\t\t\t\t\t<\/span>\n\t\t\t\t\t<\/a>\n\t\t\t\t<\/div>\n\t\t\t\t\t\t\t\t<\/div>\n\t\t\t\t<\/div>\n\t\t\t\t\t<\/div>\n\t\t\t\t<\/div>\n\t\t\t\t<\/div>\n\t\t","protected":false},"excerpt":{"rendered":"<p>Eco-refit :d\u00e9ploiement eco-con\u00e7u D\u00e9ployer rapidement votre nouveau concept de fa\u00e7on \u00e9cologique et \u00e9conomique Nous avons cr\u00e9\u00e9 une m\u00e9thode innovante, \u00e0 faible impact environnemental, pour d\u00e9ployer votre concept boutique en moins de temps et \u00e0 moindre co\u00fbt. Pour ce faire, nous s\u00e9lectionnons avec vous les marqueurs essentiels de votre nouveau concept, nous analysons votre parc de [&hellip;]<\/p>\n","protected":false},"author":1,"featured_media":0,"parent":53,"menu_order":0,"comment_status":"closed","ping_status":"closed","template":"","meta":{"_acf_changed":false,"footnotes":""},"class_list":["post-86","page","type-page","status-publish","hentry"],"acf":[],"yoast_head":"<!-- This site is optimized with the Yoast SEO plugin v27.2 - https:\/\/yoast.com\/product\/yoast-seo-wordpress\/ -->\n<title>retail3D | eco-refit<\/title>\n<meta name=\"description\" content=\"D\u00e9ployer rapidement votre nouveau concept de fa\u00e7on \u00e9cologique et \u00e9conomique.\" \/>\n<meta name=\"robots\" content=\"index, follow, max-snippet:-1, max-image-preview:large, max-video-preview:-1\" \/>\n<link rel=\"canonical\" href=\"https:\/\/retail3d.fr\/en\/eco-retail\/eco-refit\/\" \/>\n<meta property=\"og:locale\" content=\"en_US\" \/>\n<meta property=\"og:type\" content=\"article\" \/>\n<meta property=\"og:title\" content=\"retail3D | eco-refit\" \/>\n<meta property=\"og:description\" content=\"D\u00e9ployer rapidement votre nouveau concept de fa\u00e7on \u00e9cologique et \u00e9conomique.\" \/>\n<meta property=\"og:url\" content=\"https:\/\/retail3d.fr\/en\/eco-retail\/eco-refit\/\" \/>\n<meta property=\"og:site_name\" content=\"retail3D\" \/>\n<meta property=\"article:modified_time\" content=\"2023-11-06T15:48:34+00:00\" \/>\n<meta property=\"og:image\" content=\"https:\/\/retail3d.fr\/wp-content\/uploads\/2023\/07\/PAGE-11_KV.jpg\" \/>\n<meta name=\"twitter:card\" content=\"summary_large_image\" \/>\n<meta name=\"twitter:label1\" content=\"Est. reading time\" \/>\n\t<meta name=\"twitter:data1\" content=\"3 minutes\" \/>\n<script type=\"application\/ld+json\" class=\"yoast-schema-graph\">{\"@context\":\"https:\/\/schema.org\",\"@graph\":[{\"@type\":\"WebPage\",\"@id\":\"https:\/\/retail3d.fr\/l-eco-retail\/eco-refit\/\",\"url\":\"https:\/\/retail3d.fr\/l-eco-retail\/eco-refit\/\",\"name\":\"retail3D | eco-refit\",\"isPartOf\":{\"@id\":\"https:\/\/retail3d.fr\/#website\"},\"primaryImageOfPage\":{\"@id\":\"https:\/\/retail3d.fr\/l-eco-retail\/eco-refit\/#primaryimage\"},\"image\":{\"@id\":\"https:\/\/retail3d.fr\/l-eco-retail\/eco-refit\/#primaryimage\"},\"thumbnailUrl\":\"https:\/\/retail3d.fr\/wp-content\/uploads\/2023\/07\/PAGE-11_KV.jpg\",\"datePublished\":\"2023-07-11T08:29:42+00:00\",\"dateModified\":\"2023-11-06T15:48:34+00:00\",\"description\":\"D\u00e9ployer rapidement votre nouveau concept de fa\u00e7on \u00e9cologique et \u00e9conomique.\",\"breadcrumb\":{\"@id\":\"https:\/\/retail3d.fr\/l-eco-retail\/eco-refit\/#breadcrumb\"},\"inLanguage\":\"en-US\",\"potentialAction\":[{\"@type\":\"ReadAction\",\"target\":[\"https:\/\/retail3d.fr\/l-eco-retail\/eco-refit\/\"]}]},{\"@type\":\"ImageObject\",\"inLanguage\":\"en-US\",\"@id\":\"https:\/\/retail3d.fr\/l-eco-retail\/eco-refit\/#primaryimage\",\"url\":\"https:\/\/retail3d.fr\/wp-content\/uploads\/2023\/07\/PAGE-11_KV.jpg\",\"contentUrl\":\"https:\/\/retail3d.fr\/wp-content\/uploads\/2023\/07\/PAGE-11_KV.jpg\"},{\"@type\":\"BreadcrumbList\",\"@id\":\"https:\/\/retail3d.fr\/l-eco-retail\/eco-refit\/#breadcrumb\",\"itemListElement\":[{\"@type\":\"ListItem\",\"position\":1,\"name\":\"Accueil\",\"item\":\"https:\/\/retail3d.fr\/\"},{\"@type\":\"ListItem\",\"position\":2,\"name\":\"L&rsquo;\u00e9co-retail\",\"item\":\"https:\/\/retail3d.fr\/l-eco-retail\/\"},{\"@type\":\"ListItem\",\"position\":3,\"name\":\"eco-refit\"}]},{\"@type\":\"WebSite\",\"@id\":\"https:\/\/retail3d.fr\/#website\",\"url\":\"https:\/\/retail3d.fr\/\",\"name\":\"retail3D\",\"description\":\"retail3D est une agence de design qui r\u00e9unit en un lieu les expertises strat\u00e9giques, cr\u00e9atives, techniques et p\u00e9dagogiques au service des marques.\",\"publisher\":{\"@id\":\"https:\/\/retail3d.fr\/#organization\"},\"potentialAction\":[{\"@type\":\"SearchAction\",\"target\":{\"@type\":\"EntryPoint\",\"urlTemplate\":\"https:\/\/retail3d.fr\/?s={search_term_string}\"},\"query-input\":{\"@type\":\"PropertyValueSpecification\",\"valueRequired\":true,\"valueName\":\"search_term_string\"}}],\"inLanguage\":\"en-US\"},{\"@type\":\"Organization\",\"@id\":\"https:\/\/retail3d.fr\/#organization\",\"name\":\"retail3D\",\"url\":\"https:\/\/retail3d.fr\/\",\"logo\":{\"@type\":\"ImageObject\",\"inLanguage\":\"en-US\",\"@id\":\"https:\/\/retail3d.fr\/#\/schema\/logo\/image\/\",\"url\":\"https:\/\/retail3d.fr\/wp-content\/uploads\/2023\/07\/favicon.png\",\"contentUrl\":\"https:\/\/retail3d.fr\/wp-content\/uploads\/2023\/07\/favicon.png\",\"width\":512,\"height\":512,\"caption\":\"retail3D\"},\"image\":{\"@id\":\"https:\/\/retail3d.fr\/#\/schema\/logo\/image\/\"},\"sameAs\":[\"https:\/\/www.instagram.com\/retail3d\/\",\"https:\/\/www.linkedin.com\/company\/retail-3d\/\"]}]}<\/script>\n<!-- \/ Yoast SEO plugin. -->","yoast_head_json":{"title":"retail3D | eco-refit","description":"Rapid implementation of your new concept in an ecological and cost-effective process.","robots":{"index":"index","follow":"follow","max-snippet":"max-snippet:-1","max-image-preview":"max-image-preview:large","max-video-preview":"max-video-preview:-1"},"canonical":"https:\/\/retail3d.fr\/en\/eco-retail\/eco-refit\/","og_locale":"en_US","og_type":"article","og_title":"retail3D | eco-refit","og_description":"D\u00e9ployer rapidement votre nouveau concept de fa\u00e7on \u00e9cologique et \u00e9conomique.","og_url":"https:\/\/retail3d.fr\/en\/eco-retail\/eco-refit\/","og_site_name":"retail3D","article_modified_time":"2023-11-06T15:48:34+00:00","og_image":[{"url":"https:\/\/retail3d.fr\/wp-content\/uploads\/2023\/07\/PAGE-11_KV.jpg","type":"","width":"","height":""}],"twitter_card":"summary_large_image","twitter_misc":{"Est. reading time":"3 minutes"},"schema":{"@context":"https:\/\/schema.org","@graph":[{"@type":"WebPage","@id":"https:\/\/retail3d.fr\/l-eco-retail\/eco-refit\/","url":"https:\/\/retail3d.fr\/l-eco-retail\/eco-refit\/","name":"retail3D | eco-refit","isPartOf":{"@id":"https:\/\/retail3d.fr\/#website"},"primaryImageOfPage":{"@id":"https:\/\/retail3d.fr\/l-eco-retail\/eco-refit\/#primaryimage"},"image":{"@id":"https:\/\/retail3d.fr\/l-eco-retail\/eco-refit\/#primaryimage"},"thumbnailUrl":"https:\/\/retail3d.fr\/wp-content\/uploads\/2023\/07\/PAGE-11_KV.jpg","datePublished":"2023-07-11T08:29:42+00:00","dateModified":"2023-11-06T15:48:34+00:00","description":"Rapid implementation of your new concept in an ecological and cost-effective process.","breadcrumb":{"@id":"https:\/\/retail3d.fr\/l-eco-retail\/eco-refit\/#breadcrumb"},"inLanguage":"en-US","potentialAction":[{"@type":"ReadAction","target":["https:\/\/retail3d.fr\/l-eco-retail\/eco-refit\/"]}]},{"@type":"ImageObject","inLanguage":"en-US","@id":"https:\/\/retail3d.fr\/l-eco-retail\/eco-refit\/#primaryimage","url":"https:\/\/retail3d.fr\/wp-content\/uploads\/2023\/07\/PAGE-11_KV.jpg","contentUrl":"https:\/\/retail3d.fr\/wp-content\/uploads\/2023\/07\/PAGE-11_KV.jpg"},{"@type":"BreadcrumbList","@id":"https:\/\/retail3d.fr\/l-eco-retail\/eco-refit\/#breadcrumb","itemListElement":[{"@type":"ListItem","position":1,"name":"Accueil","item":"https:\/\/retail3d.fr\/"},{"@type":"ListItem","position":2,"name":"L&rsquo;\u00e9co-retail","item":"https:\/\/retail3d.fr\/l-eco-retail\/"},{"@type":"ListItem","position":3,"name":"eco-refit"}]},{"@type":"WebSite","@id":"https:\/\/retail3d.fr\/#website","url":"https:\/\/retail3d.fr\/","name":"retail3D","description":"retail3D is your one-stop shop for strategic, creative, technical and educational expertise at the service of brands and networks.","publisher":{"@id":"https:\/\/retail3d.fr\/#organization"},"potentialAction":[{"@type":"SearchAction","target":{"@type":"EntryPoint","urlTemplate":"https:\/\/retail3d.fr\/?s={search_term_string}"},"query-input":{"@type":"PropertyValueSpecification","valueRequired":true,"valueName":"search_term_string"}}],"inLanguage":"en-US"},{"@type":"Organization","@id":"https:\/\/retail3d.fr\/#organization","name":"retail3D","url":"https:\/\/retail3d.fr\/","logo":{"@type":"ImageObject","inLanguage":"en-US","@id":"https:\/\/retail3d.fr\/#\/schema\/logo\/image\/","url":"https:\/\/retail3d.fr\/wp-content\/uploads\/2023\/07\/favicon.png","contentUrl":"https:\/\/retail3d.fr\/wp-content\/uploads\/2023\/07\/favicon.png","width":512,"height":512,"caption":"retail3D"},"image":{"@id":"https:\/\/retail3d.fr\/#\/schema\/logo\/image\/"},"sameAs":["https:\/\/www.instagram.com\/retail3d\/","https:\/\/www.linkedin.com\/company\/retail-3d\/"]}]}},"_links":{"self":[{"href":"https:\/\/retail3d.fr\/en\/wp-json\/wp\/v2\/pages\/86","targetHints":{"allow":["GET"]}}],"collection":[{"href":"https:\/\/retail3d.fr\/en\/wp-json\/wp\/v2\/pages"}],"about":[{"href":"https:\/\/retail3d.fr\/en\/wp-json\/wp\/v2\/types\/page"}],"author":[{"embeddable":true,"href":"https:\/\/retail3d.fr\/en\/wp-json\/wp\/v2\/users\/1"}],"replies":[{"embeddable":true,"href":"https:\/\/retail3d.fr\/en\/wp-json\/wp\/v2\/comments?post=86"}],"version-history":[{"count":5,"href":"https:\/\/retail3d.fr\/en\/wp-json\/wp\/v2\/pages\/86\/revisions"}],"predecessor-version":[{"id":3239,"href":"https:\/\/retail3d.fr\/en\/wp-json\/wp\/v2\/pages\/86\/revisions\/3239"}],"up":[{"embeddable":true,"href":"https:\/\/retail3d.fr\/en\/wp-json\/wp\/v2\/pages\/53"}],"wp:attachment":[{"href":"https:\/\/retail3d.fr\/en\/wp-json\/wp\/v2\/media?parent=86"}],"curies":[{"name":"wp","href":"https:\/\/api.w.org\/{rel}","templated":true}]}}